{"id":10043,"date":"2011-01-18T12:07:27","date_gmt":"2011-01-18T10:07:27","guid":{"rendered":"https:\/\/www.deedeeparis.com\/blog\/?page_id=10043"},"modified":"2012-05-22T18:59:06","modified_gmt":"2012-05-22T16:59:06","slug":"glaces-paris","status":"publish","type":"page","link":"https:\/\/www.deedeeparis.com\/blog\/adresses-paris\/glaces-paris","title":{"rendered":"D\u00e9guster une bonne cr\u00e8me glac\u00e9e \u00e0 Paris"},"content":{"rendered":"<p>Voil\u00e0 quelques adresses o\u00f9  vous pourrez fondre pour quelques bonnes glaces \u00e0 Paris !<\/p>\n<ul>\n<li><strong><a title=\"Glaces Berthillon\" href=\"http:\/\/www.berthillon.fr\/\" target=\"_blank\">Berthillon<\/a><\/strong><\/li>\n<\/ul>\n<p>le Ladur\u00e9e de la glace est assur\u00e9ment snob.. Mais tellement d\u00e9lectable !<\/p>\n<p>Ici, pas de parfums invraisemblables, mais de v\u00e9ritables glaces    issues d&rsquo;un savoir-faire familial : l&rsquo;entreprise a \u00e9t\u00e9 cr\u00e9\u00e9e en 1954.    Plusieurs adresses et points de ventes sont disponibles \u00e0 Paris, mais    optez pour la boutiqe de la rue Saint-Louis en l&rsquo;\u00cele : bien qu&rsquo;elle soit    litt\u00e9ralement prise d&rsquo;assaut par les nombreux touristes qui campent   sur  zone, le lieu en vaut assur\u00e9ment la chandelle.<\/p>\n<p><em>31 Rue Saint-Louis en l&rsquo;Ile 75004<\/em><\/p>\n<ul>\n<li><strong><a title=\"MyBerry\" href=\"http:\/\/www.myberry.eu\/\" target=\"_blank\">M\u00ffBerry <\/a><br \/>\n<\/strong><\/li>\n<\/ul>\n<p>Dernier snobisme en mati\u00e8re de glace totalement justifi\u00e9, j&rsquo;ai nomm\u00e9  My Berry ! 0% de mati\u00e8re grasse, 100% de fruits : c&rsquo;est la promesse de  ce glacier qui propose des cr\u00e8mes glac\u00e9es \u00e0 base de yaourt uniquement.  Une tendance made in USA (how amazing) qu&rsquo;on aurait tort de bouder&#8230;  ces glaces sont \u00e0 se damner et sans gros dommage sur notre ligne. Yummy !<\/p>\n<p><em>25 Rue Vieille du Temple 75004 Paris \/\/ 01 42 74 54 48 \/\/ M\u00e9tro Saint Paul<\/em><\/p>\n<ul>\n<li><strong><a title=\"Glaces gelati d'alberto\" href=\"http:\/\/www.gelatidalberto.com\/\" target=\"_blank\">Gelati d&rsquo;Alberto<\/a><\/strong><\/li>\n<\/ul>\n<p>L&rsquo;enseigne est peu engageante : n\u00e9ons flashy et blafards rebutent plus qu&rsquo;ils n&rsquo;app\u00e2tent le chaland.<\/p>\n<p>Pourtant, on aurait tort de bouder son plaisir : chez Alberto (ou presque !), les glaces sont \u00e0 tomber.<\/p>\n<p>Mention sp\u00e9ciale \u00e0 la pr\u00e9sentation de la glace fa\u00e7on \u00ab\u00a0p\u00e9tales de rose\u00a0\u00bb&#8230; kitsch, certes, mais aussi agr\u00e9ablement diff\u00e9rent.<\/p>\n<p><em>45 Rue Mouffetard 75005 Paris &#8211; 01 77 11 44 55<\/em><\/p>\n<ul>\n<li><strong><a title=\"glaces amorino\" href=\"http:\/\/www.amorino.com\/fr\/\" target=\"_blank\">Amorino <\/a><\/strong><\/li>\n<\/ul>\n<p>Une enseigne cr\u00e9\u00e9e en 2002 mais qui tend \u00e0 s&rsquo;imposer comme r\u00e9f\u00e9rence    chez les gourmands ! Les aficionados aiment Amorino pour l&rsquo;excellence   de  ses cr\u00e8mes glac\u00e9es aux parfums inimitables. Ma pr\u00e9f\u00e9rence \u00e0 moi   allant \u00e0  la glace au Speculoos.. J&rsquo;en salive rien que d&rsquo;en parler !<\/p>\n<p><em>19 adresses \u00e0 Paris&#8230; ! J&rsquo;aime pour ma part celles situ\u00e9es 39 rue des Abbesses dans le 18\u00e8me et 4 rue de Buci dans le 6\u00e8me<\/em><\/p>\n<ul>\n<li><strong><a title=\"glaces Grom\" href=\"http:\/\/www.grom.it\/fra\" target=\"_blank\">Grom<\/a><\/strong><\/li>\n<\/ul>\n<p>Dire que ce glacier italien est \u00e9patant est un euph\u00e9misme&#8230; Chez Grom, la glace est une philosophie. Et \u00e7a se voit !<em><\/em><\/p>\n<p><em>Grom, 81 rue de Seine 75006<\/em><\/p>\n<ul>\n<li><a title=\"Glaces la tropicale\" href=\"http:\/\/latropicaleglacier.com\" target=\"_blank\"><strong>La tropicale <\/strong><\/a><\/li>\n<\/ul>\n<p>Cr\u00e9e en 1976, ce glacier \u00e9tait alors le premier \u00e0 proposer des parfums alors inconnus du grand public : corosol, goyave ou bien encore lychee ont fait son succ\u00e8s. Aujourd&rsquo;hui, la maison reste fid\u00e8le \u00e0 ses premi\u00e8res amours : on vient y d\u00e9guster une glace \u00e0 l&rsquo;orange sanguine, ou \u00e0 la betteraves et aux fruits rouges pour les plus audacieux !<br \/>\n<em><\/em><\/p>\n<p><em>180 Boulevard Vincent Auriol\u00a0 75013 Paris &#8211; 01 42 16 87 27<\/em><\/p>\n","protected":false},"excerpt":{"rendered":"<p>Voil\u00e0 quelques adresses o\u00f9 vous pourrez fondre pour quelques bonnes glaces \u00e0 Paris ! Berthillon le Ladur\u00e9e de la glace est assur\u00e9ment snob.. Mais tellement d\u00e9lectable ! Ici, pas de parfums invraisemblables, mais de v\u00e9ritables glaces issues d&rsquo;un savoir-faire familial : l&rsquo;entreprise a \u00e9t\u00e9 cr\u00e9\u00e9e en 1954. Plusieurs adresses et points de ventes sont disponibles [&hellip;]<\/p>\n","protected":false},"author":2,"featured_media":0,"parent":3860,"menu_order":0,"comment_status":"open","ping_status":"open","template":"","meta":{"_acf_changed":false,"footnotes":""},"class_list":["post-10043","page","type-page","status-publish","hentry"],"acf":[],"_links":{"self":[{"href":"https:\/\/www.deedeeparis.com\/blog\/wp-json\/wp\/v2\/pages\/10043","targetHints":{"allow":["GET"]}}],"collection":[{"href":"https:\/\/www.deedeeparis.com\/blog\/wp-json\/wp\/v2\/pages"}],"about":[{"href":"https:\/\/www.deedeeparis.com\/blog\/wp-json\/wp\/v2\/types\/page"}],"author":[{"embeddable":true,"href":"https:\/\/www.deedeeparis.com\/blog\/wp-json\/wp\/v2\/users\/2"}],"replies":[{"embeddable":true,"href":"https:\/\/www.deedeeparis.com\/blog\/wp-json\/wp\/v2\/comments?post=10043"}],"version-history":[{"count":4,"href":"https:\/\/www.deedeeparis.com\/blog\/wp-json\/wp\/v2\/pages\/10043\/revisions"}],"predecessor-version":[{"id":15130,"href":"https:\/\/www.deedeeparis.com\/blog\/wp-json\/wp\/v2\/pages\/10043\/revisions\/15130"}],"up":[{"embeddable":true,"href":"https:\/\/www.deedeeparis.com\/blog\/wp-json\/wp\/v2\/pages\/3860"}],"wp:attachment":[{"href":"https:\/\/www.deedeeparis.com\/blog\/wp-json\/wp\/v2\/media?parent=10043"}],"curies":[{"name":"wp","href":"https:\/\/api.w.org\/{rel}","templated":true}]}}