{"id":10293,"date":"2011-01-31T00:59:57","date_gmt":"2011-01-30T22:59:57","guid":{"rendered":"https:\/\/www.deedeeparis.com\/blog\/?page_id=10293"},"modified":"2012-07-05T23:31:24","modified_gmt":"2012-07-05T21:31:24","slug":"hotels-a-paris","status":"publish","type":"page","link":"https:\/\/www.deedeeparis.com\/blog\/adresses-paris\/hotels-a-paris","title":{"rendered":"H\u00f4tels \u00e0 Paris"},"content":{"rendered":"<p>Voil\u00e0 quelques h\u00f4tels chaleureux, intimes, diff\u00e9rents, color\u00e9s ou au contraire  immacul\u00e9s. Des h\u00f4tels o\u00f9 il fait bon marquer une pause, que l\u2019on soit un  parisien en qu\u00eate d\u2019une nuit un peu folle ou un touriste \u00e0 la recherche  d\u2019un pied \u00e0 terre un tant soit plus personnalis\u00e9 que ces h\u00f4tels de  cha\u00eenes tristes et sans saveurs.<\/p>\n<p>A vous de choisir ! <em>(page en cours d&rsquo;\u00e9laboration)<\/em>.<\/p>\n<p><strong>\u2605<\/strong><strong> <\/strong><strong>B&amp;B <\/strong><strong>\u2605<\/strong><\/p>\n<p><a href=\"https:\/\/www.deedeeparis.com\/blog\/wp-content\/uploads\/2011\/01\/Au-sourire-de-montmartre.jpg\"><img loading=\"lazy\" decoding=\"async\" class=\"alignleft size-full wp-image-10305\" title=\"Au-sourire-de-montmartre\" src=\"https:\/\/www.deedeeparis.com\/blog\/wp-content\/uploads\/2011\/01\/Au-sourire-de-montmartre.jpg\" alt=\"\" width=\"130\" height=\"130\" \/><\/a><strong> Au sourire de Montmartre <\/strong><\/p>\n<p>Un B&amp;B extr\u00eamement chaleureux en plein c\u0153ur de Montmartre. 5 chambres, 1 studio avec hammam et une table d&rsquo;h\u00f4tes qu&rsquo;Ilhame, l&rsquo;h\u00f4tesse des lieux, met \u00e0 votre disposition&#8230; <a title=\"Au sourire de montmartre\" href=\"https:\/\/www.deedeeparis.com\/blog\/au-sourire-de-montmartre-un-bed-breakfast-parisien-a-decouvrir-de-toute-urgence\" target=\"_self\"><em> <\/em><em> <\/em><\/a><em><a><\/a><a href=\"https:\/\/www.deedeeparis.com\/blog\/au-sourire-de-montmartre-un-bed-breakfast-parisien-a-decouvrir-de-toute-urgence\">Lire la suite<\/a><\/em><\/p>\n<p>\n<p><em>Au Sourire de Montmartre, Rue du Mont Cenis 75018 Paris \/ <a href=\"http:\/\/maps.google.fr\/maps?hl=fr&amp;xhr=t&amp;cp=6&amp;um=1&amp;ie=UTF-8&amp;q=au+sourire+de+montmartre&amp;fb=1&amp;gl=fr&amp;hq=au+sourire+de+montmartre&amp;hnear=Vanves&amp;cid=0,0,13928232408239819906&amp;ei=Lc9GTajJKMe74gb8osgF&amp;sa=X&amp;oi=local_result&amp;ct=image&amp;resnum=2&amp;sqi=2&amp;ved=0CCoQnwIwAQ\" target=\"_parent\">Itin\u00e9raire<\/a> \/ Tel : +33 (0)6 64 64 72 86<\/em><\/p>\n<p><strong>\u2605 <\/strong><strong>H\u00f4tels <\/strong><strong>\u2605<\/strong><\/p>\n<p><a href=\"https:\/\/www.deedeeparis.com\/blog\/wp-content\/uploads\/2011\/01\/Hotel-Seven1.jpg\"><img loading=\"lazy\" decoding=\"async\" class=\"alignleft size-full wp-image-10303\" title=\"Hotel-Seven\" src=\"https:\/\/www.deedeeparis.com\/blog\/wp-content\/uploads\/2011\/01\/Hotel-Seven1.jpg\" alt=\"\" width=\"130\" height=\"130\" \/><\/a><strong>Le <a title=\"Seven Hotel\" href=\"https:\/\/www.deedeeparis.com\/blog\/seven-hotel-paris\" target=\"_blank\">Seven H\u00f4tel<\/a><\/strong><\/p>\n<p>L\u2019h\u00f4tel compte 28 chambres o\u00f9 l\u2019on dort en apesanteur (les lits sont en  l\u00e9vitation !) et 7 suites.\u00a0 35 \u00e9crins lov\u00e9s au creux d\u2019un nid de  lumi\u00e8res totalement modulables. Reportage photos dans ces lieux hors du commun&#8230; <a title=\"Seven Hotel\" href=\"https:\/\/www.deedeeparis.com\/blog\/seven-hotel-paris\" target=\"_blank\"><em>Lire la suite<\/em><\/a><\/p>\n<p>\n<p><em>Seven H\u00f4tel 20, rue Berthollet 75005 Paris \/ Tel: +33 (0)1 43 31 47 52<\/em><\/p>\n<p><a href=\"https:\/\/www.deedeeparis.com\/blog\/wp-content\/uploads\/2012\/07\/IMG_2877.JPG_effected.jpg\"><img loading=\"lazy\" decoding=\"async\" class=\"alignleft size-thumbnail wp-image-15537\" title=\"hotel la belle juliette paris\" src=\"https:\/\/www.deedeeparis.com\/blog\/wp-content\/uploads\/2012\/07\/IMG_2877.JPG_effected-150x150.jpg\" alt=\"\" width=\"130\" height=\"130\" srcset=\"https:\/\/www.deedeeparis.com\/blog\/wp-content\/uploads\/2012\/07\/IMG_2877.JPG_effected-150x150.jpg 150w, https:\/\/www.deedeeparis.com\/blog\/wp-content\/uploads\/2012\/07\/IMG_2877.JPG_effected-160x160.jpg 160w, https:\/\/www.deedeeparis.com\/blog\/wp-content\/uploads\/2012\/07\/IMG_2877.JPG_effected-155x155.jpg 155w\" sizes=\"auto, (max-width: 130px) 100vw, 130px\" \/><\/a><a title=\"Hotel La Belle juliette\" href=\"http:\/\/tinyurl.com\/7yuagxu\" target=\"_blank\"><strong>La Belle Juliette<\/strong><\/a><\/p>\n<p>Un tr\u00e8s tr\u00e8s bel h\u00f4tel nich\u00e9 au coeur du 6\u00e8me. 34 chambres, d\u00e9co ultra l\u00e9ch\u00e9e, restaurant \u00e0 tomber&#8230; L&rsquo;h\u00f4tel propose \u00e9galement un spa qui peut \u00eatre privatis\u00e9 pour 10 personnes. Voir toutes les photos<\/p>\n<p>\n<p><em>La Belle Juliette 92 rue du Cherche Midi 75006 Paris \/ <\/em><em>Tel: +33 (0)<\/em><em>1 42 22 97 40<\/em><\/p>\n<p><em><br \/>\n<\/em><\/p>\n<p><strong> <\/strong><strong>\u2605 <\/strong><strong>H\u00f4tels \u00e0 \u00e9viter <\/strong><strong>\u2605 <\/strong><\/p>\n<p>(parce que c&rsquo;est bien aussi de savoir quels lieux il vaut mieux zapper !)<\/p>\n<p>L&rsquo;<a title=\"H\u00f4tel amour\" href=\"https:\/\/www.deedeeparis.com\/blog\/j-ai-teste-pour-vous-l-hotel-amour\" target=\"_blank\">H\u00f4tel Amour<\/a><\/p>\n","protected":false},"excerpt":{"rendered":"<p>Voil\u00e0 quelques h\u00f4tels chaleureux, intimes, diff\u00e9rents, color\u00e9s ou au contraire immacul\u00e9s. Des h\u00f4tels o\u00f9 il fait bon marquer une pause, que l\u2019on soit un parisien en qu\u00eate d\u2019une nuit un peu folle ou un touriste \u00e0 la recherche d\u2019un pied \u00e0 terre un tant soit plus personnalis\u00e9 que ces h\u00f4tels de cha\u00eenes tristes et sans [&hellip;]<\/p>\n","protected":false},"author":2,"featured_media":10305,"parent":3860,"menu_order":0,"comment_status":"open","ping_status":"open","template":"","meta":{"_acf_changed":false,"footnotes":""},"class_list":["post-10293","page","type-page","status-publish","has-post-thumbnail","hentry"],"acf":[],"_links":{"self":[{"href":"https:\/\/www.deedeeparis.com\/blog\/wp-json\/wp\/v2\/pages\/10293","targetHints":{"allow":["GET"]}}],"collection":[{"href":"https:\/\/www.deedeeparis.com\/blog\/wp-json\/wp\/v2\/pages"}],"about":[{"href":"https:\/\/www.deedeeparis.com\/blog\/wp-json\/wp\/v2\/types\/page"}],"author":[{"embeddable":true,"href":"https:\/\/www.deedeeparis.com\/blog\/wp-json\/wp\/v2\/users\/2"}],"replies":[{"embeddable":true,"href":"https:\/\/www.deedeeparis.com\/blog\/wp-json\/wp\/v2\/comments?post=10293"}],"version-history":[{"count":5,"href":"https:\/\/www.deedeeparis.com\/blog\/wp-json\/wp\/v2\/pages\/10293\/revisions"}],"predecessor-version":[{"id":15584,"href":"https:\/\/www.deedeeparis.com\/blog\/wp-json\/wp\/v2\/pages\/10293\/revisions\/15584"}],"up":[{"embeddable":true,"href":"https:\/\/www.deedeeparis.com\/blog\/wp-json\/wp\/v2\/pages\/3860"}],"wp:featuredmedia":[{"embeddable":true,"href":"https:\/\/www.deedeeparis.com\/blog\/wp-json\/wp\/v2\/media\/10305"}],"wp:attachment":[{"href":"https:\/\/www.deedeeparis.com\/blog\/wp-json\/wp\/v2\/media?parent=10293"}],"curies":[{"name":"wp","href":"https:\/\/api.w.org\/{rel}","templated":true}]}}