{"id":17820525,"date":"2024-10-24T16:50:54","date_gmt":"2024-10-24T14:50:54","guid":{"rendered":"https:\/\/www.deedeeparis.com\/blog\/?page_id=17820525"},"modified":"2024-10-24T23:15:30","modified_gmt":"2024-10-24T21:15:30","slug":"podcast","status":"publish","type":"page","link":"https:\/\/www.deedeeparis.com\/blog\/podcast","title":{"rendered":"Podcast"},"content":{"rendered":"<p><a href=\"https:\/\/www.deedeeparis.com\/blog\/wp-content\/uploads\/2024\/10\/Deedee-Podcast-1.jpg\"><img loading=\"lazy\" decoding=\"async\" class=\"aligncenter wp-image-17821535\" src=\"https:\/\/www.deedeeparis.com\/blog\/wp-content\/uploads\/2024\/10\/Deedee-Podcast-1.jpg\" alt=\"\" width=\"600\" height=\"677\" srcset=\"https:\/\/www.deedeeparis.com\/blog\/wp-content\/uploads\/2024\/10\/Deedee-Podcast-1.jpg 1200w, https:\/\/www.deedeeparis.com\/blog\/wp-content\/uploads\/2024\/10\/Deedee-Podcast-1-768x867.jpg 768w, https:\/\/www.deedeeparis.com\/blog\/wp-content\/uploads\/2024\/10\/Deedee-Podcast-1-600x678.jpg 600w, https:\/\/www.deedeeparis.com\/blog\/wp-content\/uploads\/2024\/10\/Deedee-Podcast-1-907x1024.jpg 907w\" sizes=\"auto, (max-width: 600px) 100vw, 600px\" \/><\/a><\/p>\n<p>J&rsquo;ai (aussi) un podcast !<\/p>\n<p>Depuis d\u00e9cembre 2020, je suis autrice et r\u00e9alisatrice du podcast <a href=\"https:\/\/www.instagram.com\/lesrencontresdugrandlarge\/\" target=\"_blank\" rel=\"noopener\">Le Grand Large<\/a>,<strong> le podcast d&rsquo;une consommation raisonn\u00e9e et joyeuse !\u00a0<\/strong><\/p>\n<p>Parce que je fais le constat que <strong>nos modes de consommation nous m\u00e8nent droit dans le mur<\/strong>, parce que nous avons \u00e9t\u00e9 bien trop longtemps coup\u00e9s des circuits de productions de nos biens communs, parce que je suis moi m\u00eame en transition vers un mode de vie plus sens\u00e9 et plus sobre, parce que je ne veux pas donner de le\u00e7ons et encore moins penser que la sobri\u00e9t\u00e9 est forc\u00e9ment n\u00e9gative, p\u00e9nible et co\u00fbteuse, je donne la parole \u00e0 <strong>des personnalit\u00e9s qui nous offrent des cl\u00e9s pour tendre vers ce fameux moins, mais mieux. Ensemble, nous cr\u00e9ons de nouveaux r\u00e9cits positifs.\u00a0<\/strong><\/p>\n<p>Consommation courante, mode, beaut\u00e9, d\u00e9co, famille&#8230; <strong>Tous les aspects de nos quotidiens sont abord\u00e9s. Pour que nous puissions renouer avec le sens et la joie !\u00a0<\/strong><\/p>\n<p>Rendez-vous un jeudi sur deux pour un nouvel \u00e9pisode que vous pouvez suivre ici et sur <a href=\"https:\/\/smartlink.ausha.co\/le-grand-large\" target=\"_blank\" rel=\"noopener\">votre plateforme pr\u00e9f\u00e9r\u00e9e.<\/a><\/p>\n<p><iframe id=\"ausha-guw0\" style=\"border: none; width: 100%; height: 420px;\" src=\"https:\/\/player.ausha.co\/?showId=bP8NzI5lmL05&amp;color=%2356909D&amp;multishow=true&amp;playlist=true&amp;v=3&amp;playerId=ausha-guw0\" name=\"Ausha Podcast Player\" height=\"420\" frameborder=\"0\"><\/iframe><script src=\"https:\/\/player.ausha.co\/ausha-player.js\"><\/script><\/p>\n<p><a href=\"https:\/\/www.linkedin.com\/in\/delphinedesneiges\/\" target=\"_blank\" rel=\"noopener\">Journaliste de formation<\/a>, je peux aussi <strong>vous accompagner sur vos projets de r\u00e9alisation de podcasts<\/strong>.<\/p>\n<p>J&rsquo;ai ainsi anim\u00e9 le podcast <a href=\"https:\/\/podcasts.apple.com\/fr\/podcast\/nos-premi%C3%A8res-fois\/id1629621561\" target=\"_blank\" rel=\"noopener\">Nos Premi\u00e8res Fois<\/a> pour les laboratoires CCD avec l&rsquo;Agence Chez Julia : participation \u00e0 la d\u00e9finition de la ligne \u00e9ditoriale, participation au choix des invit\u00e9es, \u00e9laboration des interviews, enregistrement, montage, diffusion.<\/p>\n","protected":false},"excerpt":{"rendered":"<p>J&rsquo;ai (aussi) un podcast ! Depuis d\u00e9cembre 2020, je suis autrice et r\u00e9alisatrice du podcast Le Grand Large, le podcast d&rsquo;une consommation raisonn\u00e9e et joyeuse !\u00a0 Parce que je fais le constat que nos modes de consommation nous m\u00e8nent droit dans le mur, parce que nous avons \u00e9t\u00e9 bien trop longtemps coup\u00e9s des circuits de [&hellip;]<\/p>\n","protected":false},"author":2,"featured_media":17821293,"parent":0,"menu_order":0,"comment_status":"closed","ping_status":"closed","template":"","meta":{"_acf_changed":false,"footnotes":""},"class_list":["post-17820525","page","type-page","status-publish","has-post-thumbnail","hentry"],"acf":[],"_links":{"self":[{"href":"https:\/\/www.deedeeparis.com\/blog\/wp-json\/wp\/v2\/pages\/17820525","targetHints":{"allow":["GET"]}}],"collection":[{"href":"https:\/\/www.deedeeparis.com\/blog\/wp-json\/wp\/v2\/pages"}],"about":[{"href":"https:\/\/www.deedeeparis.com\/blog\/wp-json\/wp\/v2\/types\/page"}],"author":[{"embeddable":true,"href":"https:\/\/www.deedeeparis.com\/blog\/wp-json\/wp\/v2\/users\/2"}],"replies":[{"embeddable":true,"href":"https:\/\/www.deedeeparis.com\/blog\/wp-json\/wp\/v2\/comments?post=17820525"}],"version-history":[{"count":11,"href":"https:\/\/www.deedeeparis.com\/blog\/wp-json\/wp\/v2\/pages\/17820525\/revisions"}],"predecessor-version":[{"id":17832503,"href":"https:\/\/www.deedeeparis.com\/blog\/wp-json\/wp\/v2\/pages\/17820525\/revisions\/17832503"}],"wp:featuredmedia":[{"embeddable":true,"href":"https:\/\/www.deedeeparis.com\/blog\/wp-json\/wp\/v2\/media\/17821293"}],"wp:attachment":[{"href":"https:\/\/www.deedeeparis.com\/blog\/wp-json\/wp\/v2\/media?parent=17820525"}],"curies":[{"name":"wp","href":"https:\/\/api.w.org\/{rel}","templated":true}]}}