{"id":19376,"date":"2013-06-01T11:12:28","date_gmt":"2013-06-01T09:12:28","guid":{"rendered":"https:\/\/www.deedeeparis.com\/blog\/?page_id=19376"},"modified":"2015-01-31T15:47:37","modified_gmt":"2015-01-31T14:47:37","slug":"a-propos-2","status":"publish","type":"page","link":"https:\/\/www.deedeeparis.com\/blog\/a-propos-2","title":{"rendered":"Mais t&rsquo;es qui, toi ?"},"content":{"rendered":"<p><a href=\"https:\/\/www.deedeeparis.com\/blog\/wp-content\/uploads\/2013\/06\/presentation-deedee-5.jpg\"><img loading=\"lazy\" decoding=\"async\" class=\"size-full wp-image-25072 alignleft\" src=\"https:\/\/www.deedeeparis.com\/blog\/wp-content\/uploads\/2013\/06\/presentation-deedee-5.jpg\" alt=\"presentation-deedee-5\" width=\"172\" height=\"686\" \/><\/a><\/p>\n<p>&nbsp;<\/p>\n<p>&nbsp;<\/p>\n<p>&nbsp;<\/p>\n<p>&nbsp;<\/p>\n<p>Je suis une fille, je suis parisienne, amoureuse, surkiffeuse. Je suis attachiante et peut-\u00eatre m\u00eame un peu chiante !<\/p>\n<p>L&rsquo;id\u00e9e de rassembler un clavier et une connexion internet pour partager avec vous \u00ab\u00a0mon\u00a0\u00bb Paris, que ce soit en terme de restos, de bars, de mode, d&rsquo;expos ou de beaut\u00e9, m&rsquo;a sembl\u00e9 irr\u00e9sistible. Assez pour me lancer dans cette aventure quelque part en mars 2005 (call me mamie Deedee !).<\/p>\n<p>Je ne pratique pas le journalisme de complaisance : toutes les adresses dont je vous parle sont test\u00e9es et approuv\u00e9es (ou non !) par mes soins.<\/p>\n<p>Dans la vraie vie et depuis fin 2014, je me consacre enti\u00e8rement au d\u00e9veloppement de\u00a0mon blog et \u00e0 des missions de conseil en strat\u00e9gie digitale, apr\u00e8s avoir pass\u00e9 plus de 7 ans au poste de responsable \u00e9ditoriale du site de Cosmopolitan (Groupe Marie Claire).<\/p>\n<p>En mars 2013, mon premier livre,\u00a0<a title=\"5 saisons \u00e0 Paris\" href=\"http:\/\/livre.fnac.com\/a4650675\/Deedee-de-Paris-5-saisons-a-Paris?ectrans=1&amp;Origin=zanox696452&amp;zanpid=1745835086575907842\" target=\"_blank\"><em>5 saisons \u00e0 Paris<\/em><\/a>, a paru aux \u00e9ditions Marabout. Vous y trouverez un melting pot d&rsquo;adresses et de chroniques parisiennes articul\u00e9es autour de 5 saisons parisiennes. Pourquoi 5 ? A vous de le d\u00e9couvrir !<\/p>\n<p>Bienvenue sur ce blog, bonne lecture. N&rsquo;h\u00e9sitez pas \u00e0\u00a0<a title=\"Me contacter\" href=\"https:\/\/www.deedeeparis.com\/blog\/contactez-moi\">me contacter<\/a>, \u00e0 me poser vos questions plus bas, dans les commentaires, ou \u00e0 lire la <a title=\"FAQ deedee\" href=\"https:\/\/www.deedeeparis.com\/blog\/f-a-q\">F.A.Q.<\/a>\u00a0du blog\u00a0!<\/p>\n<p>&nbsp;<\/p>\n<p>&nbsp;<\/p>\n<p>&nbsp;<\/p>\n<p><em>\u00a9Photo Thierry Bou\u00ebt pour la collection\u00a0<a title=\"Jem x deedee\" href=\"https:\/\/www.deedeeparis.com\/blog\/jem-x-deedee\" target=\"_blank\">JEM x Deedee<\/a><\/em><\/p>\n<p>&nbsp;<\/p>\n<p>&nbsp;<\/p>\n<p>&nbsp;<\/p>\n<p>&nbsp;<\/p>\n<p>&nbsp;<\/p>\n<p>&nbsp;<\/p>\n","protected":false},"excerpt":{"rendered":"<p>&nbsp; &nbsp; &nbsp; &nbsp; Je suis une fille, je suis parisienne, amoureuse, surkiffeuse. Je suis attachiante et peut-\u00eatre m\u00eame un peu chiante ! L&rsquo;id\u00e9e de rassembler un clavier et une connexion internet pour partager avec vous \u00ab\u00a0mon\u00a0\u00bb Paris, que ce soit en terme de restos, de bars, de mode, d&rsquo;expos ou de beaut\u00e9, m&rsquo;a sembl\u00e9 [&hellip;]<\/p>\n","protected":false},"author":2,"featured_media":19363,"parent":0,"menu_order":0,"comment_status":"open","ping_status":"open","template":"","meta":{"_acf_changed":false,"footnotes":""},"class_list":["post-19376","page","type-page","status-publish","has-post-thumbnail","hentry"],"acf":[],"_links":{"self":[{"href":"https:\/\/www.deedeeparis.com\/blog\/wp-json\/wp\/v2\/pages\/19376","targetHints":{"allow":["GET"]}}],"collection":[{"href":"https:\/\/www.deedeeparis.com\/blog\/wp-json\/wp\/v2\/pages"}],"about":[{"href":"https:\/\/www.deedeeparis.com\/blog\/wp-json\/wp\/v2\/types\/page"}],"author":[{"embeddable":true,"href":"https:\/\/www.deedeeparis.com\/blog\/wp-json\/wp\/v2\/users\/2"}],"replies":[{"embeddable":true,"href":"https:\/\/www.deedeeparis.com\/blog\/wp-json\/wp\/v2\/comments?post=19376"}],"version-history":[{"count":5,"href":"https:\/\/www.deedeeparis.com\/blog\/wp-json\/wp\/v2\/pages\/19376\/revisions"}],"predecessor-version":[{"id":30723,"href":"https:\/\/www.deedeeparis.com\/blog\/wp-json\/wp\/v2\/pages\/19376\/revisions\/30723"}],"wp:featuredmedia":[{"embeddable":true,"href":"https:\/\/www.deedeeparis.com\/blog\/wp-json\/wp\/v2\/media\/19363"}],"wp:attachment":[{"href":"https:\/\/www.deedeeparis.com\/blog\/wp-json\/wp\/v2\/media?parent=19376"}],"curies":[{"name":"wp","href":"https:\/\/api.w.org\/{rel}","templated":true}]}}