{"id":2761,"date":"2010-01-15T18:31:13","date_gmt":"2010-01-15T17:31:13","guid":{"rendered":"https:\/\/www.deedeeparis.com\/wordpress\/?page_id=2761"},"modified":"2013-10-29T11:00:58","modified_gmt":"2013-10-29T10:00:58","slug":"f-a-q","status":"publish","type":"page","link":"https:\/\/www.deedeeparis.com\/blog\/f-a-q","title":{"rendered":"F.A.Q."},"content":{"rendered":"<p>&nbsp;<\/p>\n<p>Questions \/ r\u00e9ponses les plus fr\u00e9quemment abord\u00e9es\u00a0ici. Faites votre choix\u00a0!<\/p>\n<h1>\u2605 Questions d\u2019ordre g\u00e9n\u00e9ral<\/h1>\n<p><strong>:: Il existe depuis quand, ton blog\u00a0? <\/strong><br \/>\nDepuis mars 2005&#8230; Call me mamie Deedee !<\/p>\n<p><strong><strong>::\u00a0<\/strong>Tu fais quoi dans la vie\u00a0? <\/strong><br \/>\nJe travaille depuis juin 2007 pour le Groupe Marie Claire, o\u00f9 je suis responsable \u00e9ditoriale du site de <a href=\"http:\/\/www.cosmopolitan.fr\/\">Cosmopolitan<\/a>. Pourtant, m\u00eame s\u2019il s\u2019agit aussi de web avec de l\u2019\u00e9crit dedans, mon activit\u00e9 pro est totalement ind\u00e9pendante de ce blog. <span style=\"text-decoration: underline;\">Et vice-et-versa<\/span>.<\/p>\n<p><strong><strong>::\u00a0<\/strong>Peux-tu me dire comment gagner plein de fric comme toi gr\u00e2ce \u00e0 mon blog\u00a0?<\/strong><br \/>\nD\u2019abord, si tu fais un blog pour gagner du fric, bon courage.<br \/>\nEnsuite, on ne devient pas riche gr\u00e2ce \u00e0 son blog. Je t\u2019invite \u00e0 lire <a href=\"https:\/\/www.deedeeparis.com\/blog\/index.php?2007\/09\/14\/453-les-blogueurs-le-marketing-et-les-fantasmes-episode-1\">ces<\/a> <a href=\"https:\/\/www.deedeeparis.com\/blog\/index.php?2007\/10\/05\/454-les-blogs-le-marketing-et-les-fantasmes-episode-2\">trois<\/a> <a href=\"https:\/\/www.deedeeparis.com\/blog\/index.php?2007\/10\/19\/455-les-blogeurs-le-marketing-et-les-fantasmes-episode-3\">billets<\/a> sur la question.<br \/>\nEn revanche, si tu as un blog avec ton nom de domaine (donc, pas un blog Canalblog, Typepad ou que sais-je encore), tu peux signer avec une r\u00e9gie. La mienne est GlamMedia.<\/p>\n<p><strong><strong>::\u00a0<\/strong>Ton blog est magnifique, peux-tu me dire comment tu l\u2019as fait\u00a0?<\/strong><br \/>\nD\u2019abord, merci beaucoup. Je le trouve moi aussi tr\u00e8s beau et si je me permets de le dire, c\u2019est que \u00e7a n\u2019est pas moi qui l\u2019ai fait, mais <a title=\"Vert Cerise\" href=\"http:\/\/www.vertcerise.com\/\" target=\"_blank\">Laetitia<\/a>. Il est par ailleurs tr\u00e8s r\u00e9guli\u00e8rement et tr\u00e8s largement bidouill\u00e9 par <a href=\"http:\/\/www.saveur-biere.com\/\">Julio<\/a> et par ma s\u0153ur, \u00e2mes charitables s&rsquo;il en est !<\/p>\n<p><strong><strong>::\u00a0<\/strong>Tu as fais des vid\u00e9os avec Garnier, \u00e7a veut dire que ton blog est achet\u00e9 par la marque\u00a0?<\/strong><br \/>\nBien \u00e9videmment. Garnier me payait 1 milliard de dollars par semaine. Non, bien s\u00fbr. En vrai Garnier a \u00e9t\u00e9 le sponsor des podcasts vid\u00e9os appel\u00e9s ici \u00ab<a title=\"deedeecast\" href=\"https:\/\/www.deedeeparis.com\/blog\/category\/les-deedeecast\">deedeecast<\/a>\u00bb pendant deux ans. C\u2019est un peu comme Darty et la m\u00e9t\u00e9o\u00a0: la pub encadre le programme mais n\u2019influe en rien sur son contenu.<\/p>\n<p><strong><strong>::\u00a0<\/strong>Comment tu fais tes petites \u00e9tiquettes sur <a title=\"Instagram\" href=\"http:\/\/instagram.com\/deedeeparis\" target=\"_blank\">Instagram<\/a> ?<\/strong><\/p>\n<p>LABELBOX !<\/p>\n<p><strong><strong>::\u00a0<\/strong>Salut, je viens \u00e0 Paris le mois prochain avec mon p\u00e8re, ma m\u00e8re, mes fr\u00e8res et mes s\u0153urs. On reste trois semaines, et j\u2019aurais bien aim\u00e9 que tu nous mitonnes un programme aux petits oignons. Merci\u00a0!<\/strong><\/p>\n<p>J\u2019esp\u00e8re que votre visite \u00e0 la capitale vous ravira. Je me ferais sinc\u00e8rement un r\u00e9el plaisir de vous concocter ledit programme aux petits oignons mais 1. je n\u2019ai pas la pr\u00e9tention de conna\u00eetre Paris sur le bout des doigts, encore moins vos go\u00fbts, 2. je ne suis pas un office de tourisme et surtout 3. dans la vie, j\u2019ai un vrai boulot qui m\u2019occupe pas mal, \u00e0 vrai dire&#8230; ! \u00a0N\u2019h\u00e9sitez pas n\u00e9anmoins \u00e0 consulter la rubrique <a title=\"City guide Paris\" href=\"https:\/\/www.deedeeparis.com\/blog\/adresses-paris\" target=\"_blank\">city guide<\/a>, <a title=\"5 saisons \u00e0 Paris\" href=\"http:\/\/livre.fnac.com\/a4650675\/Deedee-de-Paris-5-saisons-a-Paris?ectrans=1&amp;Origin=zanox696452&amp;zanpid=1745835086575907842\" target=\"_blank\">le livre<\/a> que j&rsquo;ai \u00e9crit en mars 2013 ou m\u00eame \u00e0 prendre contact avec l\u2019Office de Tourisme de Paris, beaucoup plus qualifi\u00e9 que moi pour faire le guide. Bonne visite\u00a0!<\/p>\n<p><strong><strong>::\u00a0<\/strong>Merci de me donner les adresses des boutiques o\u00f9 je peux trouver les foulards de la marque Machin. <\/strong><br \/>\nBonjour, bien-s\u00fbr\u00a0: <a href=\"http:\/\/www.pagesjaunes.fr\">www.pagesjaunes.fr<\/a>. De rien, et bonne journ\u00e9e \u00e0 toi aussi.<\/p>\n<p><strong><strong>::\u00a0<\/strong>T\u2019es parisienne, tu m\u00e9prises les provinciaux\u00a0?<\/strong><br \/>\nOutre le fait que j&rsquo;ai une allergie d\u00e9clar\u00e9e contre les cons de tout poil et que si je d\u00e9testais les provinciaux au motif que je suis parisienne, je serais ind\u00e9niablement une conne, je suis n\u00e9e \u00e0 Albi, dans le Tarn, et mon \u00e9poux est toulonnais. Si tu vois ce que je veux dire&#8230;<\/p>\n<p><strong><strong>::\u00a0<\/strong>Bonjour, j\u2019adore ton blog top canon cool\u00a0! Je l\u2019ai mis tout de suite dans mes liens parce que tu le vaux bien, peux-tu rajouter mon blog dans les tiens en \u00e9change\u00a0? <\/strong><br \/>\nBienvenue dans la blogosph\u00e8re ! D\u2019abord, sache que je suis totalement imperm\u00e9able \u00e0 la flatterie, et ensuite, je place dans mes liens les personnes que je lis chaque jour ou presque. Si c\u2019est le cas de ton blog, je ne manquerais pas de l\u2019ajouter \u00e0 ma <a title=\"Best of blogs\" href=\"https:\/\/www.deedeeparis.com\/blog\/liens\" target=\"_blank\">blogroll<\/a>.<\/p>\n<p><strong><strong>::\u00a0<\/strong>T\u2019as pris la grosse t\u00eate, t\u2019es rien qu\u2019une pauv\u2019 meuf et tu pues du bec<\/strong><br \/>\nPrendre la grosse t\u00eate\u00a0? Si je suis fi\u00e8re d\u2019avoir r\u00e9ussi \u00e0 tenir mon blog jusqu\u2019\u00e0 aujourd\u2019hui, plus de huit ans apr\u00e8s sa cr\u00e9ation, gardons les pieds sur Terre, tu veux\u00a0? Mon blog est \u00e9videmment la 8\u00e8me merveille du monde, mais il reste un blog&#8230;<br \/>\nPour le reste, tu as le droit de ne pas aimer, tes suggestions d\u2019am\u00e9liorations sont les bienvenues. Mais par piti\u00e9, m\u00e9nage toi et ne sois pas maso au point de revenir 20 fois me dire que tu n\u2019aimes pas\u00a0: je d\u00e9teste faire du mal aux gens.<\/p>\n<p><strong><strong>::\u00a0<\/strong>T\u2019es bonne, tu baises\u00a0?<\/strong><br \/>\nEh oh mon p\u2019tit pote, t\u2019es mignon mais on n&rsquo;a pas gard\u00e9 les porcs ensemble ok\u00a0? Si tu as envie de lever de la poulette, tu vas sur les sites <em>ad hoc<\/em>, pas sur le mien. Merci d\u2019avance.<\/p>\n<p><strong><strong>::\u00a0<\/strong>T K1 pov m9f <\/strong><br \/>\nD\u00e9sol\u00e9e, je suis compl\u00e8tement allergique au langage sms. \u00c7a file de l&rsquo;urticaire direct \u00e0 mes doigts qui gonflent comme des petites saucisses et du coup, je ne peux plus utiliser mon clavier.<\/p>\n<p><strong><strong>::\u00a0<\/strong>\u00c7a fait 15 fois que j\u2019essaye de poster un commentaire chez toi, en vain. Tu m\u2019as blacklist\u00e9 ou bien\u00a0?<\/strong><br \/>\nMon anti spam a encore fait des siennes. J\u2019en suis absolument navr\u00e9e, \u00e7a arrive surtout quand il y a une url dans le corps du commentaire, par exemple. Pas de drame, m\u00eame les messages qui n&rsquo;apparaissent pas automatiquement \u00ab\u00a0on line\u00a0\u00bb sont archiv\u00e9s dans mon back office. Je peux donc les valider d\u00e8s que j&rsquo;ai un peu de temps.<\/p>\n<p><strong><strong>::\u00a0<\/strong>Je t\u2019ai envoy\u00e9 un email il y a plus de 10 jours, je suis outr\u00e9e, tu n\u2019as pas r\u00e9pondu&#8230; Tu as s\u00fbrement tellement mieux \u00e0 faire&#8230; <\/strong><br \/>\nJe suis archi d\u00e9sol\u00e9e, mais outre les mails pros que je me dois de traiter en priorit\u00e9, je re\u00e7ois \u00e0 peu pr\u00e8s 400 mails par jour. Pour de vrai. Comme j\u2019essaye autant que faire se peut d&rsquo;apporter une r\u00e9ponse qui soit un minimum creus\u00e9e, \u00e7a me prend du temps. Et comme chacun sait, les journ\u00e9es ne sont faites que de 24H&#8230;<\/p>\n<p><strong><strong>::\u00a0<\/strong>Tu fais des photos avec un masque de mouton, pfff mais c&rsquo;est trop laid, quoi ! <\/strong><br \/>\nJ\u2019ai d\u00e9j\u00e0 souvent expliqu\u00e9 la d\u00e9marche du masque de mouton. Mais je veux bien le faire une \u00e9ni\u00e8me fois, rapport que j\u2019y tiens tout particuli\u00e8rement.<\/p>\n<p>Le masque, c\u2019est une expression :<\/p>\n<ul>\n<li><strong>d\u2019anonymat : <\/strong>je n\u2019ai pas envie de coller ma t\u00eate tous les 4 matins sur mon blog. J\u2019ajoute que bien que je respecte compl\u00e8tement celles qui s\u2019adonnent aux photos de silhouette avec visage, je trouve parfois la d\u00e9marche un poil trop narcissique pour m\u2019y retrouver pleinement.<\/li>\n<\/ul>\n<ul>\n<li><strong>de \u00ab\u00a0transfert\u00a0\u00bb : <\/strong>je suis la mode bien plus que je ne la cr\u00e9e, et j\u2019aime bien l\u2019id\u00e9e de dire que justement, je suis une suiveuse, un mouton, en mati\u00e8re de mode. On l\u2019est d\u2019ailleurs tous plus ou moins si on extrapole un peu. L\u2019id\u00e9e de ne pas mettre l\u2019accent sur le visage me permet de souligner ce que j\u2019ai envie de mettre en avant : la tenue. Pas mon visage.<\/li>\n<\/ul>\n<ul>\n<li><strong>d\u2019originalit\u00e9 :<\/strong> tout un tas de blogueuses placardent d\u00e9j\u00e0 leur trombine sur leur blog. Et beaucoup le font tr\u00e8s bien. Je ne vois pas quelle aurait \u00e9t\u00e9 ma l\u00e9gitimit\u00e9 d\u2019arriver apr\u00e8s tout le monde sur ce point l\u00e0 pour proposer\u2026 la m\u00eame chose.<\/li>\n<\/ul>\n<p>Je suis donc bien d\u00e9sol\u00e9e si la d\u00e9marche est trop barr\u00e9e pour \u00eatre totalement limpide mais c\u2019est ainsi : j\u2019aime cette id\u00e9e du masque de mouton\u2026 et en bonne propri\u00e9taire des lieux \u00e9videmment narcissique, capricieuse et autoritaire, je me permets d\u2019\u00e9couter et de donner corps AUSSI \u00e0 MES envies !<\/p>\n<p><strong>:: Tu r\u00e9diges des billets sponsoris\u00e9s, t&rsquo;es vendue ?\u00a0<\/strong><br \/>\nOui, \u00e9videmment. En huit ans de blog, je n&rsquo;ai pas compris que les lecteurs avaient un cerveau. Pire, qu&rsquo;ils aimaient s&rsquo;en servir. #seriously Or, donc, oui, il m&rsquo;arrive de r\u00e9diger un article contre un produit, ou contre de l&rsquo;argent sonnant et tr\u00e9buchant. J&rsquo;en accepte tr\u00e8s peu, uniquement s&rsquo;ils sont susceptibles de trouver leur place ici. Surtout, je me r\u00e9serve le droit de conserver mon <span style=\"text-decoration: underline;\">ind\u00e9pendance \u00e9ditoriale<\/span> : c&rsquo;est un point auquel je tiens et que je prends le temps d&rsquo;exposer aux annonceurs. Rien n&rsquo;est jamais r\u00e9dig\u00e9 par mes soins \u00e0 l&rsquo;insu de mon plein gr\u00e9 : je tiens trop \u00e0 vous pour faire n&rsquo;importe quoi ! Dernier point : les billets sponsoris\u00e9s sont toujours signal\u00e9s comme tels. Pas d&rsquo;entourloupe, donc.<\/p>\n<h1>\u2605 Propositions commerciales<\/h1>\n<p><strong><strong>::\u00a0<\/strong>Bonjour, nous sommes une nouvelle plateforme collaborative. Nous vous proposons de reprendre 100% de vos billets en \u00e9change d\u2019un lien renvoyant sur votre blog.<\/strong><br \/>\nBonjour. C\u2019est tr\u00e8s gentil d\u2019avoir pens\u00e9 \u00e0 moi mais ya pas marqu\u00e9 \u00ab\u00a0jambon\u00a0\u00bb, l\u00e0, sur mon front. Si vous avez cr\u00e9\u00e9 ce site, c\u2019est tr\u00e8s certainement dans un but lucratif. Et si mes billets contribuent \u00e0 vous faire gagner de l\u2019argent, je trouve \u00e7a l\u00e9g\u00e8rement incongru de me demander de vous les filer gratos. Bien tent\u00e9 !<\/p>\n<p><strong><strong>::\u00a0<\/strong>Bonjour, nous organisons une top m\u00e9ga cool soir\u00e9e demain soir pour promouvoir nos produits. Allez viens, tu seras couverte de cadeaux, et en plus, ce sera une super soir\u00e9e. A demain\u00a0!<\/strong><br \/>\nComment dire&#8230; 1. Je ne suis pas un \u00e2ne, je n\u2019ai pas besoin de carotte pour me d\u00e9placer, 2. J\u2019aime bien \u00eatre un bouche-trou, mais \u00eatre pr\u00e9venue \u00e0 la derni\u00e8re minute rel\u00e8ve soit d\u2019une lacune notoire d\u2019organisation, soit d\u2019une muflerie aigu\u00eb. Ce sera sans moi, donc. Car aussi \u00e9tonnant que cela puisse para\u00eetre, j\u2019ai une vie dans la vraie vie qui requiert un minimum d\u2019organisation et donc, de planification.<\/p>\n<p><strong><strong>::\u00a0<\/strong>Bonjour, j\u2019ai cr\u00e9\u00e9 une super marque, mais elle a un peu de mal \u00e0 d\u00e9coller. J\u2019aurais bien besoin d\u2019un petit coup de pub, tu peux faire un billet sur moi\u00a0pour sauver ma petite entreprise ?<\/strong><br \/>\nBonjour, merci pour l\u2019info. Pour le billet, c\u2019est un peu moche de r\u00e9clamer, non\u00a0? En g\u00e9n\u00e9ral, c\u2019est spontan\u00e9 ou \u00e7a n\u2019est pas&#8230; Une chose est s\u00fbre : \u00e7a n\u2019est pas en pleurnichant que je vais me laisser amadouer.<\/p>\n<p><strong><strong>::\u00a0<\/strong>Bonjour, nous voudrions vous offrir une cr\u00e8me magique contre la cellulite. En \u00e9change, pourriez-vous r\u00e9diger 3 billets sur 3 semaines\u00a0?<\/strong><br \/>\nBonjour. D\u2019abord, je tiens \u00e0 signaler que je n\u2019ai absolument AUCUNE cellulite. Evidemment.\u00a0Ensuite, c\u2019est tr\u00e8s gentil \u00e0 vous de proposer de m\u2019envoyer un produit \u00e0 tester, je vous remercie. Si votre cr\u00e8me est efficace et qu\u2019elle peut int\u00e9resser mes lecteurs (enfin&#8230; mes lectrices sur ce coup-l\u00e0\u00a0!), je me ferais un plaisir de leur en parler une fois, et une seule fois&#8230; Je ne suis pas pavlovienne.<\/p>\n<p><strong><strong>::\u00a0<\/strong>Bonjour, nous ne souhaitons pas reconduire notre partenariat car vos lecteurs n&rsquo;ont pas suffisamment achet\u00e9 nos produits vant\u00e9s sur la banni\u00e8re mise en avant sur votre blog. <\/strong><br \/>\nVous voulez dire que les lecteurs ne se r\u00e9sument pas \u00e0 des cartes bleues sur pattes ? Damned !\u00a0Blague \u00e0 part, je peux me tromper puisque je suis loin d&rsquo;\u00eatre une sp\u00e9cialiste en la mati\u00e8re, mais il me semble qu&rsquo;annoncer sur un blog via une banni\u00e8re, par exemple, permet avant tout de travailler sur l&rsquo;image de sa marque. Lorsqu&rsquo;on veut vendre, on n&rsquo;annonce pas sur un blog qui par essence, fait moins de trafic qu&rsquo;un gros site f\u00e9minin, au hasard.<\/p>\n<p>De deux choses l&rsquo;une, donc, si vous \u00eates une marque :<\/p>\n<ul>\n<li>vous voulez travailler sur votre image, sur votre notori\u00e9t\u00e9 : bonne pioche, le blog vous permettra d&rsquo;atteindre cet objectif et de vous adresser \u00e0 une cible de personnes en affinit\u00e9 avec votre univers. Ce qui peut potentiellement se traduire par un acte de vente, bien que ce ne soit pas le but de la man\u0153uvre.<\/li>\n<li>vous voulez que 100% des lecteurs\u00a0 ach\u00e8tent les produits vant\u00e9s sur la banni\u00e8re mise en avant sur un blog : vous allez \u00eatre d\u00e9\u00e7u !<\/li>\n<\/ul>\n<p><strong>::\u00a0Je suis charg\u00e9e du r\u00e9f\u00e9rencement du site Web http:\/\/www.supersitesarace.com. Pour am\u00e9liorer nos r\u00e9f\u00e9rencements respectifs, je vous propose d\u2019ajouter un lien sur votre page\u00a0<a href=\"https:\/\/www.deedeeparis.com\/blog\/explore-paris\" target=\"_blank\">https:\/\/www.deedeeparis.com\/<wbr \/>blog\/p<\/a>etitcanaillou\u00a0vers notre site web. L\u2019ancre sera le mot \u00absuper site\u00bb de votre texte. Le code \u00e0 ins\u00e9rer est alors : &lt;a href=\u00a0\u00bbhttp:\/\/www.supersitesarace.com\u00a0\u00bb target=\u00a0\u00bb_blank\u00a0\u00bb title=\u00a0\u00bbsuper site\u00a0\u00bb&gt;super site&lt;\/a&gt;<\/strong><br \/>\nJe vais pleurer, je reviens.<\/p>\n<blockquote><p>Si vous avez encore des questions, n&rsquo;h\u00e9sitez pas \u00e0 laisser un commentaire ci-apr\u00e8s, ou \u00e0 me contacter : deedeeparis (at) gmail.com<\/p><\/blockquote>\n","protected":false},"excerpt":{"rendered":"<p>&nbsp; Questions \/ r\u00e9ponses les plus fr\u00e9quemment abord\u00e9es\u00a0ici. Faites votre choix\u00a0! \u2605 Questions d\u2019ordre g\u00e9n\u00e9ral :: Il existe depuis quand, ton blog\u00a0? Depuis mars 2005&#8230; Call me mamie Deedee ! ::\u00a0Tu fais quoi dans la vie\u00a0? Je travaille depuis juin 2007 pour le Groupe Marie Claire, o\u00f9 je suis responsable \u00e9ditoriale du site de Cosmopolitan. [&hellip;]<\/p>\n","protected":false},"author":2,"featured_media":0,"parent":0,"menu_order":0,"comment_status":"open","ping_status":"open","template":"","meta":{"_acf_changed":false,"footnotes":""},"class_list":["post-2761","page","type-page","status-publish","hentry"],"acf":[],"_links":{"self":[{"href":"https:\/\/www.deedeeparis.com\/blog\/wp-json\/wp\/v2\/pages\/2761","targetHints":{"allow":["GET"]}}],"collection":[{"href":"https:\/\/www.deedeeparis.com\/blog\/wp-json\/wp\/v2\/pages"}],"about":[{"href":"https:\/\/www.deedeeparis.com\/blog\/wp-json\/wp\/v2\/types\/page"}],"author":[{"embeddable":true,"href":"https:\/\/www.deedeeparis.com\/blog\/wp-json\/wp\/v2\/users\/2"}],"replies":[{"embeddable":true,"href":"https:\/\/www.deedeeparis.com\/blog\/wp-json\/wp\/v2\/comments?post=2761"}],"version-history":[{"count":5,"href":"https:\/\/www.deedeeparis.com\/blog\/wp-json\/wp\/v2\/pages\/2761\/revisions"}],"predecessor-version":[{"id":2847,"href":"https:\/\/www.deedeeparis.com\/blog\/wp-json\/wp\/v2\/pages\/2761\/revisions\/2847"}],"wp:attachment":[{"href":"https:\/\/www.deedeeparis.com\/blog\/wp-json\/wp\/v2\/media?parent=2761"}],"curies":[{"name":"wp","href":"https:\/\/api.w.org\/{rel}","templated":true}]}}