{"id":45526,"date":"2016-11-25T10:58:18","date_gmt":"2016-11-25T09:58:18","guid":{"rendered":"https:\/\/www.deedeeparis.com\/blog\/?page_id=45526"},"modified":"2020-11-30T22:27:12","modified_gmt":"2020-11-30T21:27:12","slug":"noel","status":"publish","type":"page","link":"https:\/\/www.deedeeparis.com\/blog\/noel","title":{"rendered":"C&rsquo;est no\u00ebl !"},"content":{"rendered":"<p>Pour \u00e9viter les prises de t\u00eate du cadeau id\u00e9al, je vous ai concoct\u00e9 <strong>quelques petites listes bien senties<\/strong> : des <a href=\"https:\/\/www.deedeeparis.com\/blog\/60-idees-de-cadeaux-de-noel-pour-eux-les-hommes\" target=\"_blank\" rel=\"noopener noreferrer\">id\u00e9es cadeaux pour eux, les hommes<\/a>, des cadeaux un peu rares, des cadeaux solidaires, des <a href=\"https:\/\/www.deedeeparis.com\/blog\/30-idees-cadeaux-a-petits-prix\" target=\"_blank\" rel=\"noopener noreferrer\">cadeaux petits prix<\/a>, des <a href=\"https:\/\/www.deedeeparis.com\/blog\/60-idees-de-cadeaux-de-noel-pour-elles-2020\" target=\"_blank\" rel=\"noopener noreferrer\">cadeaux pour elles<\/a>, des cadeaux de derni\u00e8re minute pour les retardataires\u2026<\/p>\n<p>MAIS AUSSI : des pistes pour trouver son sapin de No\u00ebl, des id\u00e9es de <a href=\"https:\/\/www.deedeeparis.com\/blog\/des-sapins-de-noel-alternatifs\" target=\"_blank\" rel=\"noopener noreferrer\">sapin alternatif<\/a>, des id\u00e9es pour faire de <a href=\"https:\/\/www.deedeeparis.com\/blog\/idees-paquets-cadeaux\" target=\"_blank\" rel=\"noopener noreferrer\">jolis paquets cadeaux<\/a> et une <a href=\"https:\/\/www.deedeeparis.com\/blog\/quelques-idees-pour-une-jolie-table-de-fete\" target=\"_blank\" rel=\"noopener noreferrer\">jolie table de f\u00eates<\/a>&#8230; Et j&rsquo;en passe.<\/p>\n<p>Cette page sera mise \u00e0 jour r\u00e9guli\u00e8rement jusqu&rsquo;\u00e0 No\u00ebl !<\/p>\n<div class=\"vls-gf-album vls-gf-album-metro no-js vls-gf-album-info-all\" data-vls-gf-album-id=\"45523\" data-vls-gf-total-pages=\"1\" data-vls-gf-aspect-ratio=\"1\" data-vls-gf-horizontal-spacing=\"15\" data-vls-gf-vertical-spacing=\"15\" data-vls-gf-column-count=\"12\"><div class=\"vls-gf-thumbnail-container\"><div class=\"vls-gf-page \" data-vls-gf-page-no=\"1\"><div\n            class=\"vls-gf-item\"\n            data-vls-gf-image-aspect=\"2.0565552699229\"\n            data-vls-gf-width=\"4\"\n            data-vls-gf-height=\"3\"\n            data-vls-gf-col=\"0\"\n            data-vls-gf-row=\"0\"\n            style=\"margin-bottom: 15px;\"><a href=\"https:\/\/www.deedeeparis.com\/blog\/60-idees-de-cadeaux-de-noel-pour-elles-2020\" \t\t        target=\"_blank\" \t\t        ><img decoding=\"async\"\n                    class=\"vls-gf-wide\"\n                    src=\"http:\/\/www.deedeeparis.com\/blog\/wp-content\/gf-uploads\/2020\/11\/preview-m\/Trame-Noel-2020-onglet-noel-OK.jpg?1606771556\"                     alt=\"\"\/><div class=\"vls-gf-info-back\"><h2 class=\"vls-gf-info-caption\"\n\t\t                >\n\t\t                Trame-Noel-2020-onglet-noel-OK\t                <\/h2><h2 class=\"vls-gf-info-description\"\n\t\t                >\n\t\t                60 id\u00e9es !\t                <\/h2><\/div><\/a><\/div><div\n            class=\"vls-gf-item\"\n            data-vls-gf-image-aspect=\"1.488679245283\"\n            data-vls-gf-width=\"4\"\n            data-vls-gf-height=\"3\"\n            data-vls-gf-col=\"4\"\n            data-vls-gf-row=\"0\"\n            style=\"margin-bottom: 15px;\"><a href=\"https:\/\/www.deedeeparis.com\/blog\/sos-cadeaux-de-derniere-minute\" \t\t        target=\"_self\" \t\t        ><img decoding=\"async\"\n                    class=\"vls-gf-wide\"\n                    src=\"https:\/\/www.deedeeparis.com\/blog\/wp-content\/gf-uploads\/2016\/12\/preview-m\/paquets-cadeaux-1.jpg?1606771460\"                     alt=\"\"\/><div class=\"vls-gf-info-back\"><h2 class=\"vls-gf-info-caption\"\n\t\t                >\n\t\t                paquets-cadeaux-1\t                <\/h2><h2 class=\"vls-gf-info-description\"\n\t\t                >\n\t\t                SOS cadeaux de derni\u00e8re minute\t                <\/h2><\/div><\/a><\/div><div\n            class=\"vls-gf-item\"\n            data-vls-gf-image-aspect=\"1.3333333333333\"\n            data-vls-gf-width=\"4\"\n            data-vls-gf-height=\"3\"\n            data-vls-gf-col=\"8\"\n            data-vls-gf-row=\"0\"\n            style=\"margin-bottom: 15px;\"><a href=\"https:\/\/www.deedeeparis.com\/blog\/60-idees-de-cadeaux-de-noel-pour-eux-les-hommes\" \t\t        target=\"_self\" \t\t        ><img decoding=\"async\"\n                    class=\"vls-gf-wide\"\n                    src=\"http:\/\/www.deedeeparis.com\/blog\/wp-content\/gf-uploads\/2019\/12\/preview-m\/Cadeaux-pour-lui.jpg?1606771528\"                     alt=\"\"\/><div class=\"vls-gf-info-back\"><h2 class=\"vls-gf-info-caption\"\n\t\t                >\n\t\t                Cadeaux-pour-lui\t                <\/h2><h2 class=\"vls-gf-info-description\"\n\t\t                >\n\t\t                60 pistes !\t                <\/h2><\/div><\/a><\/div><div\n            class=\"vls-gf-item\"\n            data-vls-gf-image-aspect=\"1.491124260355\"\n            data-vls-gf-width=\"4\"\n            data-vls-gf-height=\"3\"\n            data-vls-gf-col=\"0\"\n            data-vls-gf-row=\"3\"\n            style=\"margin-bottom: 15px;\"><a href=\"https:\/\/www.deedeeparis.com\/blog\/treezmas-sapins-noel\" \t\t        target=\"_self\" \t\t        ><img decoding=\"async\"\n                    class=\"vls-gf-wide\"\n                    src=\"https:\/\/www.deedeeparis.com\/blog\/wp-content\/gf-uploads\/2016\/11\/preview-m\/christmas-tree.jpg?1480496444\"                     alt=\"\"\/><div class=\"vls-gf-info-back\"><h2 class=\"vls-gf-info-caption\"\n\t\t                >\n\t\t                christmas-tree\t                <\/h2><h2 class=\"vls-gf-info-description\"\n\t\t                >\n\t\t                Louez votre sapin !\t                <\/h2><\/div><\/a><\/div><div\n            class=\"vls-gf-item\"\n            data-vls-gf-image-aspect=\"1.3961605584642\"\n            data-vls-gf-width=\"4\"\n            data-vls-gf-height=\"3\"\n            data-vls-gf-col=\"4\"\n            data-vls-gf-row=\"3\"\n            style=\"margin-bottom: 15px;\"><a href=\"https:\/\/www.deedeeparis.com\/blog\/idees-paquets-cadeaux\" \t\t        target=\"_self\" \t\t        ><img decoding=\"async\"\n                    class=\"vls-gf-wide\"\n                    src=\"https:\/\/www.deedeeparis.com\/blog\/wp-content\/gf-uploads\/2016\/11\/preview-m\/jolis-paquets-cadeaux-couv.jpg?1480454551\"                     alt=\"\"\/><div class=\"vls-gf-info-back\"><h2 class=\"vls-gf-info-caption\"\n\t\t                >\n\t\t                jolis-paquets-cadeaux-couv\t                <\/h2><h2 class=\"vls-gf-info-description\"\n\t\t                >\n\t\t                Inspiration pour de jolis paquets cadeaux\t                <\/h2><\/div><\/a><\/div><div\n            class=\"vls-gf-item\"\n            data-vls-gf-image-aspect=\"1.7777777777778\"\n            data-vls-gf-width=\"4\"\n            data-vls-gf-height=\"3\"\n            data-vls-gf-col=\"8\"\n            data-vls-gf-row=\"3\"\n            style=\"margin-bottom: 15px;\"><a href=\"https:\/\/www.deedeeparis.com\/blog\/par-ici-les-pulls-de-noel\" \t\t        target=\"_blank\" \t\t        ><img decoding=\"async\"\n                    class=\"vls-gf-wide\"\n                    src=\"https:\/\/www.deedeeparis.com\/blog\/wp-content\/gf-uploads\/2017\/11\/preview-m\/colin-firth-ugly-christmas-sweater-20160722163652_q75dx800y-u1r1g0c-.jpg?1510330974\"                     alt=\"\"\/><div class=\"vls-gf-info-back\"><h2 class=\"vls-gf-info-caption\"\n\t\t                >\n\t\t                colin-firth-ugly-christmas-sweater-20160722163652_q75dx800y-u1r1g0c-\t                <\/h2><h2 class=\"vls-gf-info-description\"\n\t\t                >\n\t\t                Par ici les pulls de No\u00ebl !\t                <\/h2><\/div><\/a><\/div><div\n            class=\"vls-gf-item\"\n            data-vls-gf-image-aspect=\"1.2820512820513\"\n            data-vls-gf-width=\"4\"\n            data-vls-gf-height=\"3\"\n            data-vls-gf-col=\"0\"\n            data-vls-gf-row=\"6\"\n            style=\"margin-bottom: 15px;\"><a href=\"https:\/\/www.deedeeparis.com\/blog\/20-cadeaux-a-petit-prix-qui-marchent-a-tous-les-coups\" \t\t        target=\"_self\" \t\t        ><img decoding=\"async\"\n                    class=\"vls-gf-tall\"\n                    src=\"https:\/\/www.deedeeparis.com\/blog\/wp-content\/gf-uploads\/2016\/12\/preview-m\/idees-cadeaux-gagnants-600x468.jpg?1481134941\"                     alt=\"\"\/><div class=\"vls-gf-info-back\"><h2 class=\"vls-gf-info-caption\"\n\t\t                >\n\t\t                idees-cadeaux-gagnants-600x468\t                <\/h2><h2 class=\"vls-gf-info-description\"\n\t\t                >\n\t\t                Les cadeaux petits prix qui marchent \u00e0 tous les coups\t                <\/h2><\/div><\/a><\/div><div\n            class=\"vls-gf-item\"\n            data-vls-gf-image-aspect=\"1.5009380863039\"\n            data-vls-gf-width=\"4\"\n            data-vls-gf-height=\"3\"\n            data-vls-gf-col=\"4\"\n            data-vls-gf-row=\"6\"\n            style=\"margin-bottom: 15px;\"><a href=\"https:\/\/www.deedeeparis.com\/blog\/10-cadeaux-qui-feront-toujours-plaisir-a-une-fille\" \t\t        target=\"_self\" \t\t        ><img decoding=\"async\"\n                    class=\"vls-gf-wide\"\n                    src=\"https:\/\/www.deedeeparis.com\/blog\/wp-content\/gf-uploads\/2016\/11\/preview-m\/cadeaux-qui-font-toujours-plaisir-a-une-femme.jpg?1480454489\"                     alt=\"\"\/><div class=\"vls-gf-info-back\"><h2 class=\"vls-gf-info-caption\"\n\t\t                >\n\t\t                cadeaux-qui-font-toujours-plaisir-a-une-femme\t                <\/h2><h2 class=\"vls-gf-info-description\"\n\t\t                >\n\t\t                10 cadeaux qui feront toujours plaisir \u00e0 une femme\t                <\/h2><\/div><\/a><\/div><div\n            class=\"vls-gf-item\"\n            data-vls-gf-image-aspect=\"1.3333333333333\"\n            data-vls-gf-width=\"4\"\n            data-vls-gf-height=\"3\"\n            data-vls-gf-col=\"8\"\n            data-vls-gf-row=\"6\"\n            style=\"margin-bottom: 15px;\"><a href=\"https:\/\/www.deedeeparis.com\/blog\/30-cadeaux-de-noel-a-moins-de-30-euros\" \t\t        target=\"_self\" \t\t        ><img decoding=\"async\"\n                    class=\"vls-gf-wide\"\n                    src=\"http:\/\/www.deedeeparis.com\/blog\/wp-content\/gf-uploads\/2019\/12\/preview-m\/petits-prix.jpg?1576601288\"                     alt=\"\"\/><div class=\"vls-gf-info-back\"><h2 class=\"vls-gf-info-caption\"\n\t\t                >\n\t\t                petits-prix\t                <\/h2><h2 class=\"vls-gf-info-description\"\n\t\t                >\n\t\t                30 cadeaux \u00e0 moins de 30 euros\t                <\/h2><\/div><\/a><\/div><div\n            class=\"vls-gf-item\"\n            data-vls-gf-image-aspect=\"1.5\"\n            data-vls-gf-width=\"4\"\n            data-vls-gf-height=\"3\"\n            data-vls-gf-col=\"0\"\n            data-vls-gf-row=\"9\"\n            style=\"margin-bottom: 15px;\"><a href=\"https:\/\/www.deedeeparis.com\/blog\/des-sapins-de-noel-alternatifs\" \t\t        target=\"_blank\" \t\t        ><img decoding=\"async\"\n                    class=\"vls-gf-wide\"\n                    src=\"https:\/\/www.deedeeparis.com\/blog\/wp-content\/gf-uploads\/2017\/12\/preview-m\/sapins-noel-differents.jpg?1512317095\"                     alt=\"\"\/><div class=\"vls-gf-info-back\"><h2 class=\"vls-gf-info-caption\"\n\t\t                >\n\t\t                sapins-noel-differents\t                <\/h2><h2 class=\"vls-gf-info-description\"\n\t\t                >\n\t\t                Des id\u00e9es pour un sapin de No\u00ebl alternatif !\t                <\/h2><\/div><\/a><\/div><div\n            class=\"vls-gf-item\"\n            data-vls-gf-image-aspect=\"1.498127340824\"\n            data-vls-gf-width=\"4\"\n            data-vls-gf-height=\"3\"\n            data-vls-gf-col=\"4\"\n            data-vls-gf-row=\"9\"\n            style=\"margin-bottom: 15px;\"><a href=\"https:\/\/www.deedeeparis.com\/blog\/10-cadeaux-a-eviter-pour-noel\" \t\t        target=\"_blank\" \t\t        ><img decoding=\"async\"\n                    class=\"vls-gf-wide\"\n                    src=\"http:\/\/www.deedeeparis.com\/blog\/wp-content\/gf-uploads\/2018\/12\/preview-m\/cadeaux-eviter.jpg?1545318631\"                     alt=\"\"\/><div class=\"vls-gf-info-back\"><h2 class=\"vls-gf-info-caption\"\n\t\t                >\n\t\t                cadeaux-eviter\t                <\/h2><h2 class=\"vls-gf-info-description\"\n\t\t                >\n\t\t                10 cadeaux \u00e0 \u00e9viter\t                <\/h2><\/div><\/a><\/div><div\n            class=\"vls-gf-item\"\n            data-vls-gf-image-aspect=\"1.7057569296375\"\n            data-vls-gf-width=\"4\"\n            data-vls-gf-height=\"3\"\n            data-vls-gf-col=\"8\"\n            data-vls-gf-row=\"9\"\n            style=\"margin-bottom: 15px;\"><a href=\"https:\/\/www.deedeeparis.com\/blog\/30-idees-cadeaux-a-petits-prix\" \t\t        target=\"_blank\" \t\t        ><img decoding=\"async\"\n                    class=\"vls-gf-wide\"\n                    src=\"http:\/\/www.deedeeparis.com\/blog\/wp-content\/gf-uploads\/2018\/12\/preview-m\/cadeaux-petits-prix.jpg?1545318546\"                     alt=\"\"\/><div class=\"vls-gf-info-back\"><h2 class=\"vls-gf-info-caption\"\n\t\t                >\n\t\t                cadeaux-petits-prix\t                <\/h2><h2 class=\"vls-gf-info-description\"\n\t\t                >\n\t\t                30 id\u00e9es cadeaux \u00e0 prix mini !\t                <\/h2><\/div><\/a><\/div><div\n            class=\"vls-gf-item\"\n            data-vls-gf-image-aspect=\"1.5009380863039\"\n            data-vls-gf-width=\"4\"\n            data-vls-gf-height=\"3\"\n            data-vls-gf-col=\"0\"\n            data-vls-gf-row=\"12\"\n            style=\"margin-bottom: 15px;\"><a href=\"https:\/\/www.deedeeparis.com\/blog\/quelques-idees-pour-une-jolie-table-de-fete\" \t\t        target=\"_blank\" \t\t        ><img decoding=\"async\"\n                    class=\"vls-gf-wide\"\n                    src=\"http:\/\/www.deedeeparis.com\/blog\/wp-content\/gf-uploads\/2018\/12\/preview-m\/Idee-table-de-fete-14-.jpg?1545318540\"                     alt=\"\"\/><div class=\"vls-gf-info-back\"><h2 class=\"vls-gf-info-caption\"\n\t\t                >\n\t\t                Idee-table-de-fete-14-\t                <\/h2><h2 class=\"vls-gf-info-description\"\n\t\t                >\n\t\t                Des id\u00e9es pour une jolie table de f\u00eates\t                <\/h2><\/div><\/a><\/div><div\n            class=\"vls-gf-item\"\n            data-vls-gf-image-aspect=\"0.6675\"\n            data-vls-gf-width=\"4\"\n            data-vls-gf-height=\"3\"\n            data-vls-gf-col=\"4\"\n            data-vls-gf-row=\"12\"\n            style=\"margin-bottom: 15px;\"><a href=\"https:\/\/www.deedeeparis.com\/blog\/un-sapin-alternatif-a-fabriquer-pour-un-noel-green\" \t\t        target=\"_self\" \t\t        ><img decoding=\"async\"\n                    class=\"vls-gf-tall\"\n                    src=\"http:\/\/www.deedeeparis.com\/blog\/wp-content\/gf-uploads\/2019\/12\/preview-m\/Sapin-alternatif-683x1024.jpg?1575632949\"                     alt=\"\"\/><div class=\"vls-gf-info-back\"><h2 class=\"vls-gf-info-caption\"\n\t\t                >\n\t\t                Sapin-alternatif-683x1024\t                <\/h2><h2 class=\"vls-gf-info-description\"\n\t\t                >\n\t\t                TUTO : UN SAPIN ALTERNATIF\t                <\/h2><\/div><\/a><\/div><div\n            class=\"vls-gf-item\"\n            data-vls-gf-image-aspect=\"1.5009380863039\"\n            data-vls-gf-width=\"4\"\n            data-vls-gf-height=\"3\"\n            data-vls-gf-col=\"8\"\n            data-vls-gf-row=\"12\"\n            style=\"margin-bottom: 15px;\"><a href=\"https:\/\/www.deedeeparis.com\/blog\/9-boutiques-ou-faire-votre-shopping-de-noel-de-derniere-minute\" \t\t        target=\"_self\" \t\t        ><img decoding=\"async\"\n                    class=\"vls-gf-wide\"\n                    src=\"http:\/\/www.deedeeparis.com\/blog\/wp-content\/gf-uploads\/2019\/12\/preview-m\/Tresorerie-couv.jpg?1576601184\"                     alt=\"\"\/><div class=\"vls-gf-info-back\"><h2 class=\"vls-gf-info-caption\"\n\t\t                >\n\t\t                Tresorerie-couv\t                <\/h2><h2 class=\"vls-gf-info-description\"\n\t\t                >\n\t\t                12 boutiques pour un shopping de No\u00ebl last minute\t                <\/h2><\/div><\/a><\/div><\/div><\/div><\/div>\n","protected":false},"excerpt":{"rendered":"<p>Pour \u00e9viter les prises de t\u00eate du cadeau id\u00e9al, je vous ai concoct\u00e9 quelques petites listes bien senties : des id\u00e9es cadeaux pour eux, les hommes, des cadeaux un peu rares, des cadeaux solidaires, des cadeaux petits prix, des cadeaux pour elles, des cadeaux de derni\u00e8re minute pour les retardataires\u2026 MAIS AUSSI : des pistes [&hellip;]<\/p>\n","protected":false},"author":2,"featured_media":45656,"parent":0,"menu_order":0,"comment_status":"closed","ping_status":"closed","template":"page-factorygallerynav.php","meta":{"_acf_changed":false,"footnotes":""},"class_list":["post-45526","page","type-page","status-publish","has-post-thumbnail","hentry"],"acf":[],"_links":{"self":[{"href":"https:\/\/www.deedeeparis.com\/blog\/wp-json\/wp\/v2\/pages\/45526","targetHints":{"allow":["GET"]}}],"collection":[{"href":"https:\/\/www.deedeeparis.com\/blog\/wp-json\/wp\/v2\/pages"}],"about":[{"href":"https:\/\/www.deedeeparis.com\/blog\/wp-json\/wp\/v2\/types\/page"}],"author":[{"embeddable":true,"href":"https:\/\/www.deedeeparis.com\/blog\/wp-json\/wp\/v2\/users\/2"}],"replies":[{"embeddable":true,"href":"https:\/\/www.deedeeparis.com\/blog\/wp-json\/wp\/v2\/comments?post=45526"}],"version-history":[{"count":11,"href":"https:\/\/www.deedeeparis.com\/blog\/wp-json\/wp\/v2\/pages\/45526\/revisions"}],"predecessor-version":[{"id":69198,"href":"https:\/\/www.deedeeparis.com\/blog\/wp-json\/wp\/v2\/pages\/45526\/revisions\/69198"}],"wp:featuredmedia":[{"embeddable":true,"href":"https:\/\/www.deedeeparis.com\/blog\/wp-json\/wp\/v2\/media\/45656"}],"wp:attachment":[{"href":"https:\/\/www.deedeeparis.com\/blog\/wp-json\/wp\/v2\/media?parent=45526"}],"curies":[{"name":"wp","href":"https:\/\/api.w.org\/{rel}","templated":true}]}}