{"id":47844,"date":"2017-02-13T17:59:47","date_gmt":"2017-02-13T16:59:47","guid":{"rendered":"https:\/\/www.deedeeparis.com\/blog\/?page_id=47844"},"modified":"2018-04-01T19:51:33","modified_gmt":"2018-04-01T17:51:33","slug":"playlists","status":"publish","type":"page","link":"https:\/\/www.deedeeparis.com\/blog\/playlists","title":{"rendered":"Playlists"},"content":{"rendered":"<p>Ici, \u00e7a balance pas mal&#8230; !<\/p>\n<p>Parce que j&rsquo;avais envie d&rsquo;aller plus loin que les d\u00e9couvertes musicales des Week Lists, vous pourrez retrouver ici, chaque mois, une playlist concoct\u00e9e rien pour vous, en partenariat avec la tr\u00e8s chouette marque <a href=\"https:\/\/www.libratone.com\/fr\" target=\"_blank\" rel=\"noopener noreferrer\">Libratone<\/a>. Montez le son !<\/p>\n<h2 class=\"stabylo\">Du printemps dans les oreilles !<\/h2>\n<p>A d\u00e9faut d&rsquo;une m\u00e9t\u00e9o cl\u00e9mente, des titres avec du printemps dedans&#8230;!<\/p>\n<p><iframe loading=\"lazy\" src=\"https:\/\/open.spotify.com\/embed\/user\/11936208\/playlist\/5ipCG7zNGUCZIEfaK2hvQh\" width=\"1020\" height=\"380\" frameborder=\"0\"><span data-mce-type=\"bookmark\" style=\"display: inline-block; width: 0px; overflow: hidden; line-height: 0;\" class=\"mce_SELRES_start\">\ufeff<\/span><\/iframe><\/p>\n<h2 class=\"stabylo\">C&rsquo;est la reprise !<\/h2>\n<p>Une playlist pour d\u00e9marrer l&rsquo;ann\u00e9e du bon pied \ud83d\ude42<\/p>\n<p><iframe loading=\"lazy\" src=\"https:\/\/open.spotify.com\/embed\/user\/11936208\/playlist\/1Mk1Qb3tCPoEHprFRJAYPU\" width=\"1020\" height=\"380\" frameborder=\"0\"><\/iframe><\/p>\n<h2 class=\"stabylo\">HO HO HO, la playlist de No\u00ebl<\/h2>\n<p>35 titres et 1h52 pour vous mettre dans l&rsquo;ambiance de No\u00ebl !<\/p>\n<p><iframe loading=\"lazy\" src=\"https:\/\/open.spotify.com\/embed\/user\/11936208\/playlist\/0ju7ehvNqBytOscboZZFNx\" width=\"1020\" height=\"380\" frameborder=\"0\"><\/iframe><\/p>\n<h2 class=\"stabylo\">Septembre<\/h2>\n<p>Des titres pour avoir du coeur \u00e0 l&rsquo;ouvrage et mettre du tigre dans vos enceintes !<\/p>\n<p><iframe loading=\"lazy\" src=\"https:\/\/open.spotify.com\/embed\/user\/11936208\/playlist\/734GaWaWpMkM9SEjcYX1O6\" width=\"1020\" height=\"380\" frameborder=\"0\"><\/iframe><br \/>\n`<\/p>\n<h2 class=\"stabylo\">Juin<\/h2>\n<p>Vous le sentez, l&rsquo;\u00e9t\u00e9 qui arrive ?!<\/p>\n<p><iframe loading=\"lazy\" src=\"https:\/\/open.spotify.com\/embed\/user\/11936208\/playlist\/11Rw9Hj1a85ROEZ89xsJ20\" width=\"1020\" height=\"380\" frameborder=\"0\"><\/iframe><\/p>\n<h2 class=\"stabylo\">Mai<\/h2>\n<p>12 titres pour croire que malgr\u00e9 tout, l&rsquo;\u00e9t\u00e9 n&rsquo;a jamais \u00e9t\u00e9 aussi proche !<\/p>\n<p><iframe loading=\"lazy\" src=\"https:\/\/embed.spotify.com\/?uri=spotify%3Auser%3A11936208%3Aplaylist%3A0hxjZfwaS5V7lHy3MJsw97\" width=\"1020\" height=\"380\" frameborder=\"0\"><\/iframe><\/p>\n<h2 class=\"stabylo\">Avril<\/h2>\n<p>Appuyer sur pause l&rsquo;espace de quelques secondes !<\/p>\n<p><iframe loading=\"lazy\" src=\"https:\/\/embed.spotify.com\/?uri=spotify%3Auser%3A11936208%3Aplaylist%3A40lwGwhWeqvUgZqyAhwWrF\" width=\"1020\" height=\"380\" frameborder=\"0\"><\/iframe><\/p>\n<p>&nbsp;<\/p>\n<h2 class=\"stabylo\">Mars<\/h2>\n<p>Du coeur \u00e0 l&rsquo;ouvrage !<\/p>\n<p><iframe loading=\"lazy\" src=\"https:\/\/embed.spotify.com\/?uri=spotify%3Auser%3A11936208%3Aplaylist%3A3tvwwrz7leNxnZrwpY9113\" width=\"1020\" height=\"380\" frameborder=\"0\"><\/iframe><\/p>\n<p>&nbsp;<\/p>\n<p><em>En partenariat avec<\/em><\/p>\n<p><a href=\"https:\/\/www.libratone.com\/fr\/\" target=\"_blank\" rel=\"noopener noreferrer\"><img loading=\"lazy\" decoding=\"async\" class=\"size-full wp-image-47855 alignleft\" src=\"https:\/\/www.deedeeparis.com\/blog\/wp-content\/uploads\/2017\/02\/libratone-logo.png\" alt=\"\" width=\"195\" height=\"66\" \/><\/a><\/p>\n<p>&nbsp;<\/p>\n<p>&nbsp;<\/p>\n<p>&nbsp;<\/p>\n","protected":false},"excerpt":{"rendered":"<p>Ici, \u00e7a balance pas mal&#8230; ! Parce que j&rsquo;avais envie d&rsquo;aller plus loin que les d\u00e9couvertes musicales des Week Lists, vous pourrez retrouver ici, chaque mois, une playlist concoct\u00e9e rien pour vous, en partenariat avec la tr\u00e8s chouette marque Libratone. Montez le son ! Du printemps dans les oreilles ! A d\u00e9faut d&rsquo;une m\u00e9t\u00e9o cl\u00e9mente, [&hellip;]<\/p>\n","protected":false},"author":2,"featured_media":48209,"parent":0,"menu_order":0,"comment_status":"closed","ping_status":"closed","template":"","meta":{"_acf_changed":false,"footnotes":""},"class_list":["post-47844","page","type-page","status-publish","has-post-thumbnail","hentry"],"acf":[],"_links":{"self":[{"href":"https:\/\/www.deedeeparis.com\/blog\/wp-json\/wp\/v2\/pages\/47844","targetHints":{"allow":["GET"]}}],"collection":[{"href":"https:\/\/www.deedeeparis.com\/blog\/wp-json\/wp\/v2\/pages"}],"about":[{"href":"https:\/\/www.deedeeparis.com\/blog\/wp-json\/wp\/v2\/types\/page"}],"author":[{"embeddable":true,"href":"https:\/\/www.deedeeparis.com\/blog\/wp-json\/wp\/v2\/users\/2"}],"replies":[{"embeddable":true,"href":"https:\/\/www.deedeeparis.com\/blog\/wp-json\/wp\/v2\/comments?post=47844"}],"version-history":[{"count":29,"href":"https:\/\/www.deedeeparis.com\/blog\/wp-json\/wp\/v2\/pages\/47844\/revisions"}],"predecessor-version":[{"id":56400,"href":"https:\/\/www.deedeeparis.com\/blog\/wp-json\/wp\/v2\/pages\/47844\/revisions\/56400"}],"wp:featuredmedia":[{"embeddable":true,"href":"https:\/\/www.deedeeparis.com\/blog\/wp-json\/wp\/v2\/media\/48209"}],"wp:attachment":[{"href":"https:\/\/www.deedeeparis.com\/blog\/wp-json\/wp\/v2\/media?parent=47844"}],"curies":[{"name":"wp","href":"https:\/\/api.w.org\/{rel}","templated":true}]}}