{"id":49440,"date":"2017-06-12T23:02:12","date_gmt":"2017-06-12T21:02:12","guid":{"rendered":"https:\/\/www.deedeeparis.com\/blog\/?page_id=49440"},"modified":"2018-09-28T16:52:30","modified_gmt":"2018-09-28T14:52:30","slug":"chez-deedee","status":"publish","type":"page","link":"https:\/\/www.deedeeparis.com\/blog\/chez-deedee","title":{"rendered":"Chez Deedee"},"content":{"rendered":"<p><a href=\"https:\/\/www.deedeeparis.com\/blog\/wp-content\/uploads\/2017\/03\/chez-deedee-couv.jpg\"><img loading=\"lazy\" decoding=\"async\" class=\"aligncenter size-full wp-image-48493\" src=\"https:\/\/www.deedeeparis.com\/blog\/wp-content\/uploads\/2017\/03\/chez-deedee-couv.jpg\" alt=\"\" width=\"1100\" height=\"733\" srcset=\"https:\/\/www.deedeeparis.com\/blog\/wp-content\/uploads\/2017\/03\/chez-deedee-couv.jpg 1100w, https:\/\/www.deedeeparis.com\/blog\/wp-content\/uploads\/2017\/03\/chez-deedee-couv-768x512.jpg 768w, https:\/\/www.deedeeparis.com\/blog\/wp-content\/uploads\/2017\/03\/chez-deedee-couv-600x400.jpg 600w, https:\/\/www.deedeeparis.com\/blog\/wp-content\/uploads\/2017\/03\/chez-deedee-couv-1024x682.jpg 1024w\" sizes=\"auto, (max-width: 1100px) 100vw, 1100px\" \/><\/a><\/p>\n<p>Retrouvez ici ainsi que sur <a href=\"https:\/\/www.instagram.com\/chezdeedee\/\" target=\"_blank\" rel=\"noopener noreferrer\">Instagram<\/a> toute l&rsquo;actualit\u00e9 de Chez Deedee, <strong>l&rsquo;appartement qui cr\u00e9e du lien entre les marques, les influenceurs et les lecteurs !<\/strong><\/p>\n<h2 class=\"stabylo\">L&rsquo;appartement<\/h2>\n<p>Un espace novateur, diff\u00e9rent, audacieux : apr\u00e8s 12 ans de blog, j&rsquo;ai eu envie de cr\u00e9er\u00a0<strong>un lieu pour cr\u00e9er du lien pour des \u00e9v\u00e9nements sur mesure et en petit comit\u00e9.<\/strong><\/p>\n<p>Chez Deedee, c&rsquo;est <strong>un bel espace de 100 m2<\/strong> sous les toits dans le 9\u00e8me avec une vue de Paris&#8230; tr\u00e8s instagramable !<\/p>\n<p>C&rsquo;est un<strong>\u00a0cowork<\/strong>\u00a0r\u00e9partis en deux bureaux.<\/p>\n<p>C&rsquo;est un <strong>bel espace de r\u00e9ception privatisable<\/strong> avec une pi\u00e8ce principale de 39\u00a0m2 et une petite pi\u00e8ce de 15m2. Capacit\u00e9 maximale totale de 45\u00a0personnes.<\/p>\n<p><strong>Chez Deedee, on peut organiser :<\/strong><\/p>\n<ul>\n<li>un\u00a0\u00e9v\u00e9nement (petit d\u00e9jeuner, d\u00e9jeuner, go\u00fbter, diner&#8230;) avec des influenceurs ou avec des lecteurs<\/li>\n<li>une journ\u00e9e portes ouvertes, une pr\u00e9sentation presse, un showroom, une vente priv\u00e9e, un pop up store<\/li>\n<li>un s\u00e9minaire d&rsquo;entreprise ou une r\u00e9union<\/li>\n<li>une formation<\/li>\n<li>un tournage, un shooting photos<\/li>\n<li>&#8230;<\/li>\n<\/ul>\n<h2 class=\"stabylo\" style=\"text-align: justify;\">Le grand showroom<\/h2>\n<p>Un bel espace baign\u00e9 de lumi\u00e8re avec une vue imprenable sur Paris ! Les toits mansard\u00e9s et la jolie verri\u00e8re d&rsquo;artiste apportent un cachet aux lieux. On s&rsquo;y sent bien, comme \u00e0 la maison, ce qui favorise les \u00e9changes !<\/p>\n<p>Cette pi\u00e8ce est id\u00e9ale pour :<\/p>\n<ul>\n<li>Organiser une rencontre, que ce soit autour d&rsquo;un petit d\u00e9jeuner, d&rsquo;un brunch, d\u00e9jeuner, go\u00fbter, diner&#8230;<\/li>\n<li>Proposer un concert priv\u00e9 !<\/li>\n<li>Organiser une vente sous forme de pop up store<\/li>\n<li>Programmer un cours de yoga ou de m\u00e9ditation<\/li>\n<li>Orchestrer plusieurs ateliers diff\u00e9rents<\/li>\n<li>Organiser une d\u00e9dicace ou une conf\u00e9rence<\/li>\n<\/ul>\n<p>&nbsp;<\/p>\n<div class=\"vls-gf-album vls-gf-album-metro no-js vls-gf-album-info-none\" data-vls-gf-album-id=\"59956\" data-vls-gf-total-pages=\"1\" data-vls-gf-aspect-ratio=\"1.5\" data-vls-gf-horizontal-spacing=\"10\" data-vls-gf-vertical-spacing=\"10\" data-vls-gf-column-count=\"4\"><div class=\"vls-gf-thumbnail-container\"><div class=\"vls-gf-page \" data-vls-gf-page-no=\"1\"><div\n            class=\"vls-gf-item\"\n            data-vls-gf-image-aspect=\"1.5009380863039\"\n            data-vls-gf-width=\"2\"\n            data-vls-gf-height=\"2\"\n            data-vls-gf-col=\"0\"\n            data-vls-gf-row=\"0\"\n            style=\"margin-bottom: 10px;\"><a href=\"https:\/\/www.deedeeparis.com\/blog\/wp-content\/gf-uploads\/2018\/09\/Grand-Showroom-13.jpg\" \t\t        \t\t        ><img decoding=\"async\"\n                    class=\"vls-gf-wide\"\n                    src=\"https:\/\/www.deedeeparis.com\/blog\/wp-content\/gf-uploads\/2018\/09\/preview-m\/Grand-Showroom-13.jpg?1538144727\"                     alt=\"\"\/><div class=\"vls-gf-info-back\"><h2 class=\"vls-gf-info-caption\"\n\t\t                >\n\t\t                Grand-Showroom-13\t                <\/h2><h2 class=\"vls-gf-info-description\"\n\t\t                ><\/h2><\/div><\/a><\/div><div\n            class=\"vls-gf-item\"\n            data-vls-gf-image-aspect=\"1.5009380863039\"\n            data-vls-gf-width=\"2\"\n            data-vls-gf-height=\"2\"\n            data-vls-gf-col=\"2\"\n            data-vls-gf-row=\"0\"\n            style=\"margin-bottom: 10px;\"><a href=\"https:\/\/www.deedeeparis.com\/blog\/wp-content\/gf-uploads\/2018\/09\/Grand-Showroom-7.jpg\" \t\t        \t\t        ><img decoding=\"async\"\n                    class=\"vls-gf-wide\"\n                    src=\"https:\/\/www.deedeeparis.com\/blog\/wp-content\/gf-uploads\/2018\/09\/preview-m\/Grand-Showroom-7.jpg?1538144748\"                     alt=\"\"\/><div class=\"vls-gf-info-back\"><h2 class=\"vls-gf-info-caption\"\n\t\t                >\n\t\t                Grand-Showroom-7\t                <\/h2><h2 class=\"vls-gf-info-description\"\n\t\t                ><\/h2><\/div><\/a><\/div><div\n            class=\"vls-gf-item\"\n            data-vls-gf-image-aspect=\"1.5009380863039\"\n            data-vls-gf-width=\"2\"\n            data-vls-gf-height=\"2\"\n            data-vls-gf-col=\"0\"\n            data-vls-gf-row=\"2\"\n            style=\"margin-bottom: 10px;\"><a href=\"https:\/\/www.deedeeparis.com\/blog\/wp-content\/gf-uploads\/2018\/09\/Grand-Showroom-3.jpg\" \t\t        \t\t        ><img decoding=\"async\"\n                    class=\"vls-gf-wide\"\n                    src=\"https:\/\/www.deedeeparis.com\/blog\/wp-content\/gf-uploads\/2018\/09\/preview-m\/Grand-Showroom-3.jpg?1538144764\"                     alt=\"\"\/><div class=\"vls-gf-info-back\"><h2 class=\"vls-gf-info-caption\"\n\t\t                >\n\t\t                Grand-Showroom-3\t                <\/h2><h2 class=\"vls-gf-info-description\"\n\t\t                ><\/h2><\/div><\/a><\/div><div\n            class=\"vls-gf-item\"\n            data-vls-gf-image-aspect=\"1.5065913370998\"\n            data-vls-gf-width=\"2\"\n            data-vls-gf-height=\"2\"\n            data-vls-gf-col=\"2\"\n            data-vls-gf-row=\"2\"\n            style=\"margin-bottom: 10px;\"><a href=\"https:\/\/www.deedeeparis.com\/blog\/wp-content\/gf-uploads\/2018\/09\/Grand-Showroom-5.jpg\" \t\t        \t\t        ><img decoding=\"async\"\n                    class=\"vls-gf-wide\"\n                    src=\"https:\/\/www.deedeeparis.com\/blog\/wp-content\/gf-uploads\/2018\/09\/preview-m\/Grand-Showroom-5.jpg?1538144755\"                     alt=\"\"\/><div class=\"vls-gf-info-back\"><h2 class=\"vls-gf-info-caption\"\n\t\t                >\n\t\t                Grand-Showroom-5\t                <\/h2><h2 class=\"vls-gf-info-description\"\n\t\t                ><\/h2><\/div><\/a><\/div><div\n            class=\"vls-gf-item\"\n            data-vls-gf-image-aspect=\"0.66625\"\n            data-vls-gf-width=\"2\"\n            data-vls-gf-height=\"4\"\n            data-vls-gf-col=\"0\"\n            data-vls-gf-row=\"4\"\n            style=\"margin-bottom: 10px;\"><a href=\"https:\/\/www.deedeeparis.com\/blog\/wp-content\/gf-uploads\/2018\/09\/Grand-Showroom-4.jpg\" \t\t        \t\t        ><img decoding=\"async\"\n                    class=\"vls-gf-tall\"\n                    src=\"https:\/\/www.deedeeparis.com\/blog\/wp-content\/gf-uploads\/2018\/09\/preview-m\/Grand-Showroom-4.jpg?1538144759\"                     alt=\"\"\/><div class=\"vls-gf-info-back\"><h2 class=\"vls-gf-info-caption\"\n\t\t                >\n\t\t                Grand-Showroom-4\t                <\/h2><h2 class=\"vls-gf-info-description\"\n\t\t                ><\/h2><\/div><\/a><\/div><div\n            class=\"vls-gf-item\"\n            data-vls-gf-image-aspect=\"1.5009380863039\"\n            data-vls-gf-width=\"2\"\n            data-vls-gf-height=\"2\"\n            data-vls-gf-col=\"2\"\n            data-vls-gf-row=\"4\"\n            style=\"margin-bottom: 10px;\"><a href=\"https:\/\/www.deedeeparis.com\/blog\/wp-content\/gf-uploads\/2018\/09\/Grand-Showroom-11.jpg\" \t\t        \t\t        ><img decoding=\"async\"\n                    class=\"vls-gf-wide\"\n                    src=\"https:\/\/www.deedeeparis.com\/blog\/wp-content\/gf-uploads\/2018\/09\/preview-m\/Grand-Showroom-11.jpg?1538144734\"                     alt=\"\"\/><div class=\"vls-gf-info-back\"><h2 class=\"vls-gf-info-caption\"\n\t\t                >\n\t\t                Grand-Showroom-11\t                <\/h2><h2 class=\"vls-gf-info-description\"\n\t\t                ><\/h2><\/div><\/a><\/div><div\n            class=\"vls-gf-item\"\n            data-vls-gf-image-aspect=\"1.5009380863039\"\n            data-vls-gf-width=\"2\"\n            data-vls-gf-height=\"2\"\n            data-vls-gf-col=\"2\"\n            data-vls-gf-row=\"6\"\n            style=\"margin-bottom: 10px;\"><a href=\"https:\/\/www.deedeeparis.com\/blog\/wp-content\/gf-uploads\/2018\/09\/Grand-Showroom-10.jpg\" \t\t        \t\t        ><img decoding=\"async\"\n                    class=\"vls-gf-wide\"\n                    src=\"https:\/\/www.deedeeparis.com\/blog\/wp-content\/gf-uploads\/2018\/09\/preview-m\/Grand-Showroom-10.jpg?1538144737\"                     alt=\"\"\/><div class=\"vls-gf-info-back\"><h2 class=\"vls-gf-info-caption\"\n\t\t                >\n\t\t                Grand-Showroom-10\t                <\/h2><h2 class=\"vls-gf-info-description\"\n\t\t                ><\/h2><\/div><\/a><\/div><div\n            class=\"vls-gf-item\"\n            data-vls-gf-image-aspect=\"0.67\"\n            data-vls-gf-width=\"2\"\n            data-vls-gf-height=\"4\"\n            data-vls-gf-col=\"0\"\n            data-vls-gf-row=\"8\"\n            style=\"margin-bottom: 10px;\"><a href=\"https:\/\/www.deedeeparis.com\/blog\/wp-content\/gf-uploads\/2018\/09\/Grand-Showroom-12.jpg\" \t\t        \t\t        ><img decoding=\"async\"\n                    class=\"vls-gf-tall\"\n                    src=\"https:\/\/www.deedeeparis.com\/blog\/wp-content\/gf-uploads\/2018\/09\/preview-m\/Grand-Showroom-12.jpg?1538144730\"                     alt=\"\"\/><div class=\"vls-gf-info-back\"><h2 class=\"vls-gf-info-caption\"\n\t\t                >\n\t\t                Grand-Showroom-12\t                <\/h2><h2 class=\"vls-gf-info-description\"\n\t\t                ><\/h2><\/div><\/a><\/div><div\n            class=\"vls-gf-item\"\n            data-vls-gf-image-aspect=\"1.5009380863039\"\n            data-vls-gf-width=\"2\"\n            data-vls-gf-height=\"2\"\n            data-vls-gf-col=\"2\"\n            data-vls-gf-row=\"8\"\n            style=\"margin-bottom: 10px;\"><a href=\"https:\/\/www.deedeeparis.com\/blog\/wp-content\/gf-uploads\/2018\/09\/Grand-Showroom-8.jpg\" \t\t        \t\t        ><img decoding=\"async\"\n                    class=\"vls-gf-wide\"\n                    src=\"https:\/\/www.deedeeparis.com\/blog\/wp-content\/gf-uploads\/2018\/09\/preview-m\/Grand-Showroom-8.jpg?1538144744\"                     alt=\"\"\/><div class=\"vls-gf-info-back\"><h2 class=\"vls-gf-info-caption\"\n\t\t                >\n\t\t                Grand-Showroom-8\t                <\/h2><h2 class=\"vls-gf-info-description\"\n\t\t                ><\/h2><\/div><\/a><\/div><div\n            class=\"vls-gf-item\"\n            data-vls-gf-image-aspect=\"0.66625\"\n            data-vls-gf-width=\"2\"\n            data-vls-gf-height=\"4\"\n            data-vls-gf-col=\"2\"\n            data-vls-gf-row=\"10\"\n            style=\"margin-bottom: 10px;\"><a href=\"https:\/\/www.deedeeparis.com\/blog\/wp-content\/gf-uploads\/2018\/09\/Grand-Showroom.jpg\" \t\t        \t\t        ><img decoding=\"async\"\n                    class=\"vls-gf-tall\"\n                    src=\"https:\/\/www.deedeeparis.com\/blog\/wp-content\/gf-uploads\/2018\/09\/preview-m\/Grand-Showroom.jpg?1538144772\"                     alt=\"\"\/><div class=\"vls-gf-info-back\"><h2 class=\"vls-gf-info-caption\"\n\t\t                >\n\t\t                Grand-Showroom\t                <\/h2><h2 class=\"vls-gf-info-description\"\n\t\t                ><\/h2><\/div><\/a><\/div><div\n            class=\"vls-gf-item\"\n            data-vls-gf-image-aspect=\"0.66625\"\n            data-vls-gf-width=\"2\"\n            data-vls-gf-height=\"2\"\n            data-vls-gf-col=\"0\"\n            data-vls-gf-row=\"12\"\n            style=\"margin-bottom: 10px;\"><a href=\"https:\/\/www.deedeeparis.com\/blog\/wp-content\/gf-uploads\/2018\/09\/Grand-Showroom-6-1.jpg\" \t\t        \t\t        ><img decoding=\"async\"\n                    class=\"vls-gf-tall\"\n                    src=\"https:\/\/www.deedeeparis.com\/blog\/wp-content\/gf-uploads\/2018\/09\/preview-m\/Grand-Showroom-6-1.jpg?1538145167\"                     alt=\"\"\/><div class=\"vls-gf-info-back\"><h2 class=\"vls-gf-info-caption\"\n\t\t                >\n\t\t                Grand-Showroom-6-1\t                <\/h2><h2 class=\"vls-gf-info-description\"\n\t\t                ><\/h2><\/div><\/a><\/div><\/div><\/div><\/div>\n<h2 class=\"stabylo\">Le petit showroom<\/h2>\n<p>Une pi\u00e8ce pens\u00e9e comme un cocon, l\u00e0 encore baign\u00e9e de lumi\u00e8re. Les meubles en rotin, le fauteuil transat en cuir et les plantes invitent \u00e0 la d\u00e9tente ou \u00e0 la confidence !<\/p>\n<p>Cette pi\u00e8ce est id\u00e9ale pour :<\/p>\n<ul>\n<li>Organiser une pr\u00e9sentation en petit comit\u00e9<\/li>\n<li>Conduire une interview<\/li>\n<li>Organiser un atelier pour compl\u00e9ter votre \u00e9v\u00e9nement (photocall, ateliers en petit comit\u00e9 type m\u00e9ditation)<\/li>\n<li>Pr\u00e9senter plusieurs portants de v\u00eatements<\/li>\n<li>Piloter une r\u00e9union<\/li>\n<\/ul>\n<div class=\"vls-gf-album vls-gf-album-metro no-js vls-gf-album-info-none\" data-vls-gf-album-id=\"59958\" data-vls-gf-total-pages=\"1\" data-vls-gf-aspect-ratio=\"1.5\" data-vls-gf-horizontal-spacing=\"10\" data-vls-gf-vertical-spacing=\"10\" data-vls-gf-column-count=\"4\"><div class=\"vls-gf-thumbnail-container\"><div class=\"vls-gf-page \" data-vls-gf-page-no=\"1\"><div\n            class=\"vls-gf-item\"\n            data-vls-gf-image-aspect=\"0.64875\"\n            data-vls-gf-width=\"2\"\n            data-vls-gf-height=\"4\"\n            data-vls-gf-col=\"0\"\n            data-vls-gf-row=\"0\"\n            style=\"margin-bottom: 10px;\"><a href=\"https:\/\/www.deedeeparis.com\/blog\/wp-content\/gf-uploads\/2018\/09\/PetitShowroom-7.jpg\" \t\t        \t\t        ><img decoding=\"async\"\n                    class=\"vls-gf-tall\"\n                    src=\"https:\/\/www.deedeeparis.com\/blog\/wp-content\/gf-uploads\/2018\/09\/preview-m\/PetitShowroom-7.jpg?1538144562\"                     alt=\"\"\/><div class=\"vls-gf-info-back\"><h2 class=\"vls-gf-info-caption\"\n\t\t                >\n\t\t                PetitShowroom-7\t                <\/h2><h2 class=\"vls-gf-info-description\"\n\t\t                ><\/h2><\/div><\/a><\/div><div\n            class=\"vls-gf-item\"\n            data-vls-gf-image-aspect=\"1.5009380863039\"\n            data-vls-gf-width=\"2\"\n            data-vls-gf-height=\"2\"\n            data-vls-gf-col=\"2\"\n            data-vls-gf-row=\"0\"\n            style=\"margin-bottom: 10px;\"><a href=\"https:\/\/www.deedeeparis.com\/blog\/wp-content\/gf-uploads\/2018\/09\/PetitShowroom-2.jpg\" \t\t        \t\t        ><img decoding=\"async\"\n                    class=\"vls-gf-wide\"\n                    src=\"https:\/\/www.deedeeparis.com\/blog\/wp-content\/gf-uploads\/2018\/09\/preview-m\/PetitShowroom-2.jpg?1538144539\"                     alt=\"\"\/><div class=\"vls-gf-info-back\"><h2 class=\"vls-gf-info-caption\"\n\t\t                >\n\t\t                PetitShowroom-2\t                <\/h2><h2 class=\"vls-gf-info-description\"\n\t\t                ><\/h2><\/div><\/a><\/div><div\n            class=\"vls-gf-item\"\n            data-vls-gf-image-aspect=\"1.5009380863039\"\n            data-vls-gf-width=\"2\"\n            data-vls-gf-height=\"2\"\n            data-vls-gf-col=\"2\"\n            data-vls-gf-row=\"2\"\n            style=\"margin-bottom: 10px;\"><a href=\"https:\/\/www.deedeeparis.com\/blog\/wp-content\/gf-uploads\/2018\/09\/PetitShowroom-6.jpg\" \t\t        \t\t        ><img decoding=\"async\"\n                    class=\"vls-gf-wide\"\n                    src=\"https:\/\/www.deedeeparis.com\/blog\/wp-content\/gf-uploads\/2018\/09\/preview-m\/PetitShowroom-6.jpg?1538144554\"                     alt=\"\"\/><div class=\"vls-gf-info-back\"><h2 class=\"vls-gf-info-caption\"\n\t\t                >\n\t\t                PetitShowroom-6\t                <\/h2><h2 class=\"vls-gf-info-description\"\n\t\t                ><\/h2><\/div><\/a><\/div><div\n            class=\"vls-gf-item\"\n            data-vls-gf-image-aspect=\"1.5009380863039\"\n            data-vls-gf-width=\"2\"\n            data-vls-gf-height=\"2\"\n            data-vls-gf-col=\"0\"\n            data-vls-gf-row=\"4\"\n            style=\"margin-bottom: 10px;\"><a href=\"https:\/\/www.deedeeparis.com\/blog\/wp-content\/gf-uploads\/2018\/09\/PetitShowroom-8.jpg\" \t\t        \t\t        ><img decoding=\"async\"\n                    class=\"vls-gf-wide\"\n                    src=\"https:\/\/www.deedeeparis.com\/blog\/wp-content\/gf-uploads\/2018\/09\/preview-m\/PetitShowroom-8.jpg?1538144550\"                     alt=\"\"\/><div class=\"vls-gf-info-back\"><h2 class=\"vls-gf-info-caption\"\n\t\t                >\n\t\t                PetitShowroom-8\t                <\/h2><h2 class=\"vls-gf-info-description\"\n\t\t                ><\/h2><\/div><\/a><\/div><div\n            class=\"vls-gf-item\"\n            data-vls-gf-image-aspect=\"1.4059753954306\"\n            data-vls-gf-width=\"2\"\n            data-vls-gf-height=\"2\"\n            data-vls-gf-col=\"2\"\n            data-vls-gf-row=\"4\"\n            style=\"margin-bottom: 10px;\"><a href=\"https:\/\/www.deedeeparis.com\/blog\/wp-content\/gf-uploads\/2018\/09\/PetitShowroom-3.jpg\" \t\t        \t\t        ><img decoding=\"async\"\n                    class=\"vls-gf-tall\"\n                    src=\"https:\/\/www.deedeeparis.com\/blog\/wp-content\/gf-uploads\/2018\/09\/preview-m\/PetitShowroom-3.jpg?1538144537\"                     alt=\"\"\/><div class=\"vls-gf-info-back\"><h2 class=\"vls-gf-info-caption\"\n\t\t                >\n\t\t                PetitShowroom-3\t                <\/h2><h2 class=\"vls-gf-info-description\"\n\t\t                ><\/h2><\/div><\/a><\/div><div\n            class=\"vls-gf-item\"\n            data-vls-gf-image-aspect=\"0.66625\"\n            data-vls-gf-width=\"2\"\n            data-vls-gf-height=\"4\"\n            data-vls-gf-col=\"0\"\n            data-vls-gf-row=\"6\"\n            style=\"margin-bottom: 10px;\"><a href=\"https:\/\/www.deedeeparis.com\/blog\/wp-content\/gf-uploads\/2018\/09\/PetitShowroom-1.jpg\" \t\t        \t\t        ><img decoding=\"async\"\n                    class=\"vls-gf-tall\"\n                    src=\"https:\/\/www.deedeeparis.com\/blog\/wp-content\/gf-uploads\/2018\/09\/preview-m\/PetitShowroom-1.jpg?1538144543\"                     alt=\"\"\/><div class=\"vls-gf-info-back\"><h2 class=\"vls-gf-info-caption\"\n\t\t                >\n\t\t                PetitShowroom-1\t                <\/h2><h2 class=\"vls-gf-info-description\"\n\t\t                ><\/h2><\/div><\/a><\/div><div\n            class=\"vls-gf-item\"\n            data-vls-gf-image-aspect=\"0.66625\"\n            data-vls-gf-width=\"2\"\n            data-vls-gf-height=\"2\"\n            data-vls-gf-col=\"2\"\n            data-vls-gf-row=\"6\"\n            style=\"margin-bottom: 10px;\"><a href=\"https:\/\/www.deedeeparis.com\/blog\/wp-content\/gf-uploads\/2018\/09\/PetitShowroom-5.jpg\" \t\t        \t\t        ><img decoding=\"async\"\n                    class=\"vls-gf-tall\"\n                    src=\"https:\/\/www.deedeeparis.com\/blog\/wp-content\/gf-uploads\/2018\/09\/preview-m\/PetitShowroom-5.jpg?1538144559\"                     alt=\"\"\/><div class=\"vls-gf-info-back\"><h2 class=\"vls-gf-info-caption\"\n\t\t                >\n\t\t                PetitShowroom-5\t                <\/h2><h2 class=\"vls-gf-info-description\"\n\t\t                ><\/h2><\/div><\/a><\/div><div\n            class=\"vls-gf-item\"\n            data-vls-gf-image-aspect=\"0.66625\"\n            data-vls-gf-width=\"2\"\n            data-vls-gf-height=\"4\"\n            data-vls-gf-col=\"2\"\n            data-vls-gf-row=\"8\"\n            style=\"margin-bottom: 10px;\"><a href=\"https:\/\/www.deedeeparis.com\/blog\/wp-content\/gf-uploads\/2018\/09\/Petit-Showroom-11.jpg\" \t\t        \t\t        ><img decoding=\"async\"\n                    class=\"vls-gf-tall\"\n                    src=\"https:\/\/www.deedeeparis.com\/blog\/wp-content\/gf-uploads\/2018\/09\/preview-m\/Petit-Showroom-11.jpg?1538144567\"                     alt=\"\"\/><div class=\"vls-gf-info-back\"><h2 class=\"vls-gf-info-caption\"\n\t\t                >\n\t\t                Petit-Showroom-11\t                <\/h2><h2 class=\"vls-gf-info-description\"\n\t\t                ><\/h2><\/div><\/a><\/div><div\n            class=\"vls-gf-item\"\n            data-vls-gf-image-aspect=\"1.5009380863039\"\n            data-vls-gf-width=\"2\"\n            data-vls-gf-height=\"2\"\n            data-vls-gf-col=\"0\"\n            data-vls-gf-row=\"10\"\n            style=\"margin-bottom: 10px;\"><a href=\"https:\/\/www.deedeeparis.com\/blog\/wp-content\/gf-uploads\/2018\/09\/PetitShowroom-9.jpg\" \t\t        \t\t        ><img decoding=\"async\"\n                    class=\"vls-gf-wide\"\n                    src=\"https:\/\/www.deedeeparis.com\/blog\/wp-content\/gf-uploads\/2018\/09\/preview-m\/PetitShowroom-9.jpg?1538144546\"                     alt=\"\"\/><div class=\"vls-gf-info-back\"><h2 class=\"vls-gf-info-caption\"\n\t\t                >\n\t\t                PetitShowroom-9\t                <\/h2><h2 class=\"vls-gf-info-description\"\n\t\t                ><\/h2><\/div><\/a><\/div><\/div><\/div><\/div>\n<p>&nbsp;<\/p>\n<h2 class=\"stabylo\">Ils nous ont fait confiance<\/h2>\n<p><a href=\"https:\/\/www.deedeeparis.com\/blog\/wp-content\/uploads\/2017\/05\/ils-nous-ont-fait-confiance-jpg.jpg\"><img loading=\"lazy\" decoding=\"async\" class=\"aligncenter size-full wp-image-49475\" src=\"https:\/\/www.deedeeparis.com\/blog\/wp-content\/uploads\/2017\/05\/ils-nous-ont-fait-confiance-jpg.jpg\" alt=\"\" width=\"1020\" height=\"510\" srcset=\"https:\/\/www.deedeeparis.com\/blog\/wp-content\/uploads\/2017\/05\/ils-nous-ont-fait-confiance-jpg.jpg 1020w, https:\/\/www.deedeeparis.com\/blog\/wp-content\/uploads\/2017\/05\/ils-nous-ont-fait-confiance-jpg-768x384.jpg 768w, https:\/\/www.deedeeparis.com\/blog\/wp-content\/uploads\/2017\/05\/ils-nous-ont-fait-confiance-jpg-600x300.jpg 600w\" sizes=\"auto, (max-width: 1020px) 100vw, 1020px\" \/><\/a><\/p>\n<h2 class=\"stabylo\">Quelques exemples<\/h2>\n<p><a href=\"https:\/\/www.libratone.com\/fr\/\" target=\"_blank\" rel=\"noopener noreferrer\"><img loading=\"lazy\" decoding=\"async\" class=\" wp-image-47855 alignleft\" src=\"https:\/\/www.deedeeparis.com\/blog\/wp-content\/uploads\/2017\/02\/libratone-logo.png\" alt=\"\" width=\"248\" height=\"84\" \/><\/a><\/p>\n<p><strong>Organisation d&rsquo;une soir\u00e9e influenceurs pour faire conna\u00eetre la marque :<\/strong><br \/>\n&#8211; Gestion des relations influenceurs<br \/>\n&#8211; Organisation de la soir\u00e9e<br \/>\n&#8211; Gestion du traiteur<br \/>\n&#8211; Dispositif social sur les r\u00e9seaux sociaux @deedeeparis pendant la soir\u00e9e<br \/>\n&#8211; Suivi des retomb\u00e9es<\/p>\n<p>&nbsp;<\/p>\n<p><a href=\"https:\/\/www.nedgis.com\/\"><img loading=\"lazy\" decoding=\"async\" class=\"alignleft wp-image-49441\" src=\"https:\/\/www.deedeeparis.com\/blog\/wp-content\/uploads\/2017\/05\/LOGO_NEDGIS_luminaire_lighting_design___signed-e1449509064153.png\" alt=\"\" width=\"80\" height=\"115\" \/><\/a><\/p>\n<p>&nbsp;<\/p>\n<p><strong>Pr\u00e9sentation presse de la marque :<\/strong> mise \u00e0 disposition de l&rsquo;appartement de 8h30 \u00e0 13h.<\/p>\n<p>&nbsp;<\/p>\n<p>&nbsp;<\/p>\n<p><a href=\"https:\/\/www.moevenpick-icecream.ch\/fr\"><img loading=\"lazy\" decoding=\"async\" class=\"alignleft wp-image-49444\" src=\"https:\/\/www.deedeeparis.com\/blog\/wp-content\/uploads\/2017\/05\/Movenpick-logo.gif\" alt=\"\" width=\"154\" height=\"110\" \/><\/a><\/p>\n<p><strong>Organisation d&rsquo;une soir\u00e9e glaces et cin\u00e9ma pour les lecteurs du blog\u00a0:<\/strong><br \/>\n&#8211; Organisation et gestion de la soir\u00e9e (traiteur, boissons)<br \/>\n&#8211; Gestion des invitations<br \/>\n&#8211; Dispositif \u00e9ditorial et social en amont, pendant et en aval de la soir\u00e9e sur le blog et les r\u00e9seaux sociaux @deedeeparis.<\/p>\n","protected":false},"excerpt":{"rendered":"<p>Retrouvez ici ainsi que sur Instagram toute l&rsquo;actualit\u00e9 de Chez Deedee, l&rsquo;appartement qui cr\u00e9e du lien entre les marques, les influenceurs et les lecteurs ! L&rsquo;appartement Un espace novateur, diff\u00e9rent, audacieux : apr\u00e8s 12 ans de blog, j&rsquo;ai eu envie de cr\u00e9er\u00a0un lieu pour cr\u00e9er du lien pour des \u00e9v\u00e9nements sur mesure et en petit [&hellip;]<\/p>\n","protected":false},"author":2,"featured_media":48492,"parent":0,"menu_order":0,"comment_status":"closed","ping_status":"closed","template":"","meta":{"_acf_changed":false,"footnotes":""},"class_list":["post-49440","page","type-page","status-publish","has-post-thumbnail","hentry"],"acf":[],"_links":{"self":[{"href":"https:\/\/www.deedeeparis.com\/blog\/wp-json\/wp\/v2\/pages\/49440","targetHints":{"allow":["GET"]}}],"collection":[{"href":"https:\/\/www.deedeeparis.com\/blog\/wp-json\/wp\/v2\/pages"}],"about":[{"href":"https:\/\/www.deedeeparis.com\/blog\/wp-json\/wp\/v2\/types\/page"}],"author":[{"embeddable":true,"href":"https:\/\/www.deedeeparis.com\/blog\/wp-json\/wp\/v2\/users\/2"}],"replies":[{"embeddable":true,"href":"https:\/\/www.deedeeparis.com\/blog\/wp-json\/wp\/v2\/comments?post=49440"}],"version-history":[{"count":19,"href":"https:\/\/www.deedeeparis.com\/blog\/wp-json\/wp\/v2\/pages\/49440\/revisions"}],"predecessor-version":[{"id":60010,"href":"https:\/\/www.deedeeparis.com\/blog\/wp-json\/wp\/v2\/pages\/49440\/revisions\/60010"}],"wp:featuredmedia":[{"embeddable":true,"href":"https:\/\/www.deedeeparis.com\/blog\/wp-json\/wp\/v2\/media\/48492"}],"wp:attachment":[{"href":"https:\/\/www.deedeeparis.com\/blog\/wp-json\/wp\/v2\/media?parent=49440"}],"curies":[{"name":"wp","href":"https:\/\/api.w.org\/{rel}","templated":true}]}}