{"id":60046,"date":"2018-09-29T18:35:32","date_gmt":"2018-09-29T16:35:32","guid":{"rendered":"https:\/\/www.deedeeparis.com\/blog\/?page_id=60046"},"modified":"2024-10-24T23:18:41","modified_gmt":"2024-10-24T21:18:41","slug":"go-green","status":"publish","type":"page","link":"https:\/\/www.deedeeparis.com\/blog\/go-green","title":{"rendered":"GO GREEN"},"content":{"rendered":"<p><a href=\"https:\/\/www.deedeeparis.com\/blog\/wp-content\/uploads\/2018\/09\/Durable-go-green.jpg\"><img loading=\"lazy\" decoding=\"async\" class=\"aligncenter size-full wp-image-60125\" src=\"https:\/\/www.deedeeparis.com\/blog\/wp-content\/uploads\/2018\/09\/Durable-go-green.jpg\" alt=\"\" width=\"1020\" height=\"658\" \/><\/a><\/p>\n<p>Moins&#8230; mais mieux ! Retrouvez ici tous les articles qui abordent le sujet, que ce soit en mode, beaut\u00e9, food&#8230; ! Pour une consommation qui fait sens, sans jugement, chacun.e \u00e0 notre rythme&#8230; Parce qu&rsquo;on fait bien comme on peut.<\/p>\n<p>Pour voir les sujets abord\u00e9s, passez votre souris sur les image de chaque cat\u00e9gorie :<\/p>\n<h2 class=\"stabylo\">La mode \u00e9thique<\/h2>\n<div class=\"vls-gf-album vls-gf-album-metro no-js vls-gf-album-info-all\" data-vls-gf-album-id=\"60050\" data-vls-gf-total-pages=\"1\" data-vls-gf-aspect-ratio=\"1.5\" data-vls-gf-horizontal-spacing=\"10\" data-vls-gf-vertical-spacing=\"10\" data-vls-gf-column-count=\"3\"><div class=\"vls-gf-thumbnail-container\"><div class=\"vls-gf-page \" data-vls-gf-page-no=\"1\"><div\n            class=\"vls-gf-item\"\n            data-vls-gf-image-aspect=\"1.5904572564612\"\n            data-vls-gf-width=\"1\"\n            data-vls-gf-height=\"1\"\n            data-vls-gf-col=\"0\"\n            data-vls-gf-row=\"0\"\n            style=\"margin-bottom: 10px;\"><a href=\"https:\/\/www.deedeeparis.com\/blog\/lannuaire-de-la-mode-ethique-et-responsable\" \t\t        target=\"_blank\" \t\t        ><img decoding=\"async\"\n                    class=\"vls-gf-wide\"\n                    src=\"https:\/\/www.deedeeparis.com\/blog\/wp-content\/gf-uploads\/2018\/09\/preview-m\/annuaire-mode-ethique.jpg?1538234373\"                     alt=\"\"\/><div class=\"vls-gf-info-back\"><h2 class=\"vls-gf-info-caption\"\n\t\t                >\n\t\t                L'annuaire de la mode \u00e9thique\t                <\/h2><h2 class=\"vls-gf-info-description\"\n\t\t                ><\/h2><\/div><\/a><\/div><div\n            class=\"vls-gf-item\"\n            data-vls-gf-image-aspect=\"1.1627906976744\"\n            data-vls-gf-width=\"1\"\n            data-vls-gf-height=\"1\"\n            data-vls-gf-col=\"1\"\n            data-vls-gf-row=\"0\"\n            style=\"margin-bottom: 10px;\"><a href=\"https:\/\/www.deedeeparis.com\/blog\/cest-quoi-la-mode-responsable-et-durable\" \t\t        target=\"_blank\" \t\t        ><img decoding=\"async\"\n                    class=\"vls-gf-tall\"\n                    src=\"https:\/\/www.deedeeparis.com\/blog\/wp-content\/gf-uploads\/2018\/09\/preview-m\/Whomademyclothes-LGR.jpg?1538234651\"                     alt=\"\"\/><div class=\"vls-gf-info-back\"><h2 class=\"vls-gf-info-caption\"\n\t\t                >\n\t\t                C'est quoi la mode \u00e9thique ?\t                <\/h2><h2 class=\"vls-gf-info-description\"\n\t\t                ><\/h2><\/div><\/a><\/div><div\n            class=\"vls-gf-item\"\n            data-vls-gf-image-aspect=\"1.25\"\n            data-vls-gf-width=\"1\"\n            data-vls-gf-height=\"1\"\n            data-vls-gf-col=\"2\"\n            data-vls-gf-row=\"0\"\n            style=\"margin-bottom: 10px;\"><a href=\"https:\/\/www.deedeeparis.com\/blog\/mes-shops-vintage-en-ligne-preferes\" \t\t        target=\"_self\" \t\t        ><img decoding=\"async\"\n                    class=\"vls-gf-tall\"\n                    src=\"http:\/\/www.deedeeparis.com\/blog\/wp-content\/gf-uploads\/2019\/05\/preview-m\/mes-shop-vintage-en-ligne-pre\u0301fe\u0301re\u0301s.jpg?1558166747\"                     alt=\"\"\/><div class=\"vls-gf-info-back\"><h2 class=\"vls-gf-info-caption\"\n\t\t                >\n\t\t                10 ADRESSES DE FRIPERIES CLEAN EN LIGNE !\t                <\/h2><h2 class=\"vls-gf-info-description\"\n\t\t                >\n\t\t                10 adresses de friperies clean en ligne !\t                <\/h2><\/div><\/a><\/div><div\n            class=\"vls-gf-item\"\n            data-vls-gf-image-aspect=\"1.5009380863039\"\n            data-vls-gf-width=\"1\"\n            data-vls-gf-height=\"1\"\n            data-vls-gf-col=\"0\"\n            data-vls-gf-row=\"1\"\n            style=\"margin-bottom: 10px;\"><a href=\"https:\/\/www.deedeeparis.com\/blog\/louer-sa-tenue-pour-un-mariage\" \t\t        target=\"_self\" \t\t        ><img decoding=\"async\"\n                    class=\"vls-gf-wide\"\n                    src=\"http:\/\/www.deedeeparis.com\/blog\/wp-content\/gf-uploads\/2019\/05\/preview-m\/adrianna-van-groningen-1440550-unsplash.jpg?1558952917\"                     alt=\"\"\/><div class=\"vls-gf-info-back\"><h2 class=\"vls-gf-info-caption\"\n\t\t                >\n\t\t                LOUER SA TENUE POUR UN MARIAGE\t                <\/h2><h2 class=\"vls-gf-info-description\"\n\t\t                ><\/h2><\/div><\/a><\/div><div\n            class=\"vls-gf-item\"\n            data-vls-gf-image-aspect=\"1.6227180527383\"\n            data-vls-gf-width=\"1\"\n            data-vls-gf-height=\"1\"\n            data-vls-gf-col=\"1\"\n            data-vls-gf-row=\"1\"\n            style=\"margin-bottom: 10px;\"><a href=\"https:\/\/www.deedeeparis.com\/blog\/5-raisons-de-dire-non-a-la-fast-fashion\" \t\t        target=\"_blank\" \t\t        ><img decoding=\"async\"\n                    class=\"vls-gf-wide\"\n                    src=\"https:\/\/www.deedeeparis.com\/blog\/wp-content\/gf-uploads\/2018\/09\/preview-m\/slow-fashion.jpg?1538234720\"                     alt=\"\"\/><div class=\"vls-gf-info-back\"><h2 class=\"vls-gf-info-caption\"\n\t\t                >\n\t\t                5 RAISONS DE DIRE NON \u00c0 LA FAST FASHION\t                <\/h2><h2 class=\"vls-gf-info-description\"\n\t\t                ><\/h2><\/div><\/a><\/div><div\n            class=\"vls-gf-item\"\n            data-vls-gf-image-aspect=\"1.5325670498084\"\n            data-vls-gf-width=\"1\"\n            data-vls-gf-height=\"1\"\n            data-vls-gf-col=\"2\"\n            data-vls-gf-row=\"1\"\n            style=\"margin-bottom: 10px;\"><a href=\"https:\/\/www.deedeeparis.com\/blog\/8-solutions-faciles-pour-consommer-equitable-et-durable\" \t\t        target=\"_blank\" \t\t        ><img decoding=\"async\"\n                    class=\"vls-gf-wide\"\n                    src=\"https:\/\/www.deedeeparis.com\/blog\/wp-content\/gf-uploads\/2018\/09\/preview-m\/mode-responsable-et-durable.jpg?1538233835\"                     alt=\"\"\/><div class=\"vls-gf-info-back\"><h2 class=\"vls-gf-info-caption\"\n\t\t                >\n\t\t                8 SOLUTIONS FACILES POUR CONSOMMER \u00c9QUITABLE ET DURABLE\t                <\/h2><h2 class=\"vls-gf-info-description\"\n\t\t                ><\/h2><\/div><\/a><\/div><div\n            class=\"vls-gf-item\"\n            data-vls-gf-image-aspect=\"1.5151515151515\"\n            data-vls-gf-width=\"1\"\n            data-vls-gf-height=\"1\"\n            data-vls-gf-col=\"0\"\n            data-vls-gf-row=\"2\"\n            style=\"margin-bottom: 10px;\"><a href=\"https:\/\/www.deedeeparis.com\/blog\/go-for-good-ma-selection-shopping-durable-en-mode-et-deco\" \t\t        target=\"_blank\" \t\t        ><img decoding=\"async\"\n                    class=\"vls-gf-wide\"\n                    src=\"https:\/\/www.deedeeparis.com\/blog\/wp-content\/gf-uploads\/2018\/09\/preview-m\/cintre.jpg?1538234731\"                     alt=\"\"\/><div class=\"vls-gf-info-back\"><h2 class=\"vls-gf-info-caption\"\n\t\t                >\n\t\t                Go For Good ! La d\u00e9marche green des Galeries Lafayette\t                <\/h2><h2 class=\"vls-gf-info-description\"\n\t\t                >\n\t\t                La d\u00e9marche green des Galeries Lafayette\t                <\/h2><\/div><\/a><\/div><div\n            class=\"vls-gf-item\"\n            data-vls-gf-image-aspect=\"1.6901408450704\"\n            data-vls-gf-width=\"1\"\n            data-vls-gf-height=\"1\"\n            data-vls-gf-col=\"1\"\n            data-vls-gf-row=\"2\"\n            style=\"margin-bottom: 10px;\"><a href=\"https:\/\/www.deedeeparis.com\/blog\/10-conseils-pour-bien-vendre-sur-un-vide-dressing\" \t\t        target=\"_blank\" \t\t        ><img decoding=\"async\"\n                    class=\"vls-gf-wide\"\n                    src=\"https:\/\/www.deedeeparis.com\/blog\/wp-content\/gf-uploads\/2018\/09\/preview-m\/vide-dressing.jpg?1538234340\"                     alt=\"\"\/><div class=\"vls-gf-info-back\"><h2 class=\"vls-gf-info-caption\"\n\t\t                >\n\t\t                10 CONSEILS POUR BIEN VENDRE SUR UN VIDE-DRESSING\t                <\/h2><h2 class=\"vls-gf-info-description\"\n\t\t                ><\/h2><\/div><\/a><\/div><div\n            class=\"vls-gf-item\"\n            data-vls-gf-image-aspect=\"1\"\n            data-vls-gf-width=\"1\"\n            data-vls-gf-height=\"1\"\n            data-vls-gf-col=\"2\"\n            data-vls-gf-row=\"2\"\n            style=\"margin-bottom: 10px;\"><a href=\"https:\/\/www.deedeeparis.com\/blog\/icideedee-le-point-sur-la-fausse-fourrure\" \t\t        target=\"_blank\" \t\t        ><img decoding=\"async\"\n                    class=\"vls-gf-tall\"\n                    src=\"https:\/\/www.deedeeparis.com\/blog\/wp-content\/gf-uploads\/2018\/09\/preview-m\/Fake-Fur.jpg?1538239389\"                     alt=\"\"\/><div class=\"vls-gf-info-back\"><h2 class=\"vls-gf-info-caption\"\n\t\t                >\n\t\t                LE POINT SUR LA FAUSSE FOURRURE\t                <\/h2><h2 class=\"vls-gf-info-description\"\n\t\t                ><\/h2><\/div><\/a><\/div><div\n            class=\"vls-gf-item\"\n            data-vls-gf-image-aspect=\"1.5180265654649\"\n            data-vls-gf-width=\"1\"\n            data-vls-gf-height=\"1\"\n            data-vls-gf-col=\"0\"\n            data-vls-gf-row=\"3\"\n            style=\"margin-bottom: 10px;\"><a href=\"https:\/\/www.deedeeparis.com\/blog\/donner-preter-se-rendre-utile-3-solutions\" \t\t        target=\"_blank\" \t\t        ><img decoding=\"async\"\n                    class=\"vls-gf-wide\"\n                    src=\"https:\/\/www.deedeeparis.com\/blog\/wp-content\/gf-uploads\/2018\/09\/preview-m\/Donner.jpg?1538236332\"                     alt=\"\"\/><div class=\"vls-gf-info-back\"><h2 class=\"vls-gf-info-caption\"\n\t\t                >\n\t\t                3 SOLUTIONS POUR DONNER, PR\u00caTER, SE RENDRE UTILE !\t                <\/h2><h2 class=\"vls-gf-info-description\"\n\t\t                ><\/h2><\/div><\/a><\/div><\/div><\/div><\/div>\n<h2 class=\"stabylo\">La plan\u00e8te<\/h2>\n<div class=\"vls-gf-album vls-gf-album-metro no-js vls-gf-album-info-all\" data-vls-gf-album-id=\"60066\" data-vls-gf-total-pages=\"1\" data-vls-gf-aspect-ratio=\"1.5\" data-vls-gf-horizontal-spacing=\"10\" data-vls-gf-vertical-spacing=\"10\" data-vls-gf-column-count=\"3\"><div class=\"vls-gf-thumbnail-container\"><div class=\"vls-gf-page \" data-vls-gf-page-no=\"1\"><div\n            class=\"vls-gf-item\"\n            data-vls-gf-image-aspect=\"1.5037593984962\"\n            data-vls-gf-width=\"1\"\n            data-vls-gf-height=\"1\"\n            data-vls-gf-col=\"0\"\n            data-vls-gf-row=\"0\"\n            style=\"margin-bottom: 10px;\"><a href=\"https:\/\/www.deedeeparis.com\/blog\/semaine-du-developpement-durable\" \t\t        target=\"_blank\" \t\t        ><img decoding=\"async\"\n                    class=\"vls-gf-wide\"\n                    src=\"https:\/\/www.deedeeparis.com\/blog\/wp-content\/gf-uploads\/2018\/09\/preview-m\/semaine-dev-durable-.jpg?1538238142\"                     alt=\"\"\/><div class=\"vls-gf-info-back\"><h2 class=\"vls-gf-info-caption\"\n\t\t                >\n\t\t                6 (BONNES) RAISONS D\u2019ADH\u00c9RER \u00c0 LA SEMAINE DU D\u00c9VELOPPEMENT DURABLE\t                <\/h2><h2 class=\"vls-gf-info-description\"\n\t\t                ><\/h2><\/div><\/a><\/div><div\n            class=\"vls-gf-item\"\n            data-vls-gf-image-aspect=\"1.5009380863039\"\n            data-vls-gf-width=\"1\"\n            data-vls-gf-height=\"1\"\n            data-vls-gf-col=\"1\"\n            data-vls-gf-row=\"0\"\n            style=\"margin-bottom: 10px;\"><a href=\"https:\/\/www.deedeeparis.com\/blog\/18-objets-a-jeter-tout-de-suite-pour-etre-mieux-chez-soi\" \t\t        target=\"_blank\" \t\t        ><img decoding=\"async\"\n                    class=\"vls-gf-wide\"\n                    src=\"https:\/\/www.deedeeparis.com\/blog\/wp-content\/gf-uploads\/2018\/09\/preview-m\/tri.jpg?1538234543\"                     alt=\"\"\/><div class=\"vls-gf-info-back\"><h2 class=\"vls-gf-info-caption\"\n\t\t                >\n\t\t                18 OBJETS \u00c0 JETER TOUT DE SUITE POUR \u00caTRE MIEUX CHEZ SOI !\t                <\/h2><h2 class=\"vls-gf-info-description\"\n\t\t                ><\/h2><\/div><\/a><\/div><div\n            class=\"vls-gf-item\"\n            data-vls-gf-image-aspect=\"0.76628352490421\"\n            data-vls-gf-width=\"1\"\n            data-vls-gf-height=\"1\"\n            data-vls-gf-col=\"2\"\n            data-vls-gf-row=\"0\"\n            style=\"margin-bottom: 10px;\"><a href=\"https:\/\/www.deedeeparis.com\/blog\/10-petits-gestes-archi-simples-pour-lenvironnement\" \t\t        target=\"_blank\" \t\t        ><img decoding=\"async\"\n                    class=\"vls-gf-tall\"\n                    src=\"https:\/\/www.deedeeparis.com\/blog\/wp-content\/gf-uploads\/2018\/09\/preview-m\/gestes-environnement-1.jpg?1538234518\"                     alt=\"\"\/><div class=\"vls-gf-info-back\"><h2 class=\"vls-gf-info-caption\"\n\t\t                >\n\t\t                10 PETITS GESTES ARCHI SIMPLES POUR L\u2019ENVIRONNEMENT\t                <\/h2><h2 class=\"vls-gf-info-description\"\n\t\t                ><\/h2><\/div><\/a><\/div><div\n            class=\"vls-gf-item\"\n            data-vls-gf-image-aspect=\"1.5\"\n            data-vls-gf-width=\"1\"\n            data-vls-gf-height=\"1\"\n            data-vls-gf-col=\"0\"\n            data-vls-gf-row=\"1\"\n            style=\"margin-bottom: 10px;\"><a href=\"https:\/\/www.deedeeparis.com\/blog\/avis-film-demain\" \t\t        target=\"_blank\" \t\t        ><img decoding=\"async\"\n                    class=\"vls-gf-wide\"\n                    src=\"https:\/\/www.deedeeparis.com\/blog\/wp-content\/gf-uploads\/2018\/09\/preview-m\/demain6-600x400.jpg?1538238439\"                     alt=\"\"\/><div class=\"vls-gf-info-back\"><h2 class=\"vls-gf-info-caption\"\n\t\t                >\n\t\t                J\u2019AI VU DEMAIN\t                <\/h2><h2 class=\"vls-gf-info-description\"\n\t\t                ><\/h2><\/div><\/a><\/div><div\n            class=\"vls-gf-item\"\n            data-vls-gf-image-aspect=\"1.5009380863039\"\n            data-vls-gf-width=\"1\"\n            data-vls-gf-height=\"1\"\n            data-vls-gf-col=\"0\"\n            data-vls-gf-row=\"0\"\n            style=\"margin-bottom: 10px;\"><a href=\"https:\/\/www.deedeeparis.com\/blog\/12-actions-faciles-pour-sauver-le-monde\" \t\t        target=\"_blank\" \t\t        ><img decoding=\"async\"\n                    class=\"vls-gf-wide\"\n                    src=\"http:\/\/www.deedeeparis.com\/blog\/wp-content\/gf-uploads\/2019\/07\/preview-m\/photo-1491591462767-3b91b2a19487.jpg?1562589514\"                     alt=\"\"\/><div class=\"vls-gf-info-back\"><h2 class=\"vls-gf-info-caption\"\n\t\t                >\n\t\t                12 ACTIONS FACILES POUR SAUVER LE MONDE !\t                <\/h2><h2 class=\"vls-gf-info-description\"\n\t\t                ><\/h2><\/div><\/a><\/div><\/div><\/div><\/div>\n<h2 class=\"stabylo\">La conso durable<\/h2>\n<div class=\"vls-gf-album vls-gf-album-metro no-js vls-gf-album-info-all\" data-vls-gf-album-id=\"60090\" data-vls-gf-total-pages=\"1\" data-vls-gf-aspect-ratio=\"1.5\" data-vls-gf-horizontal-spacing=\"10\" data-vls-gf-vertical-spacing=\"10\" data-vls-gf-column-count=\"3\"><div class=\"vls-gf-thumbnail-container\"><div class=\"vls-gf-page \" data-vls-gf-page-no=\"1\"><div\n            class=\"vls-gf-item\"\n            data-vls-gf-image-aspect=\"1\"\n            data-vls-gf-width=\"1\"\n            data-vls-gf-height=\"1\"\n            data-vls-gf-col=\"0\"\n            data-vls-gf-row=\"0\"\n            style=\"margin-bottom: 10px;\"><a href=\"https:\/\/www.deedeeparis.com\/blog\/ma-premiere-commande-a-la-ruche-qui-dit-oui\" \t\t        target=\"_blank\" \t\t        ><img decoding=\"async\"\n                    class=\"vls-gf-tall\"\n                    src=\"https:\/\/www.deedeeparis.com\/blog\/wp-content\/gf-uploads\/2018\/09\/preview-m\/La-ruche-qui-dit-oui-600x600.jpg?1538237077\"                     alt=\"\"\/><div class=\"vls-gf-info-back\"><h2 class=\"vls-gf-info-caption\"\n\t\t                >\n\t\t                MA PREMI\u00c8RE COMMANDE \u00c0 LA RUCHE QUI DIT OUI\t                <\/h2><h2 class=\"vls-gf-info-description\"\n\t\t                ><\/h2><\/div><\/a><\/div><div\n            class=\"vls-gf-item\"\n            data-vls-gf-image-aspect=\"1.7777777777778\"\n            data-vls-gf-width=\"1\"\n            data-vls-gf-height=\"1\"\n            data-vls-gf-col=\"1\"\n            data-vls-gf-row=\"0\"\n            style=\"margin-bottom: 10px;\"><a href=\"https:\/\/www.deedeeparis.com\/blog\/benchmark-faux-nutella\" \t\t        target=\"_blank\" \t\t        ><img decoding=\"async\"\n                    class=\"vls-gf-wide\"\n                    src=\"https:\/\/www.deedeeparis.com\/blog\/wp-content\/gf-uploads\/2018\/09\/preview-m\/benchmark-faux-nutella-2-1024x576-1.jpg?1538237131\"                     alt=\"\"\/><div class=\"vls-gf-info-back\"><h2 class=\"vls-gf-info-caption\"\n\t\t                >\n\t\t                \u00c7A EXISTE, LE BON FAUX NUTELLA ?\t                <\/h2><h2 class=\"vls-gf-info-description\"\n\t\t                ><\/h2><\/div><\/a><\/div><div\n            class=\"vls-gf-item\"\n            data-vls-gf-image-aspect=\"1.4869888475836\"\n            data-vls-gf-width=\"1\"\n            data-vls-gf-height=\"1\"\n            data-vls-gf-col=\"2\"\n            data-vls-gf-row=\"0\"\n            style=\"margin-bottom: 10px;\"><a href=\"https:\/\/www.deedeeparis.com\/blog\/ce-que-jai-retenu-de-changez-dalimentation-du-pr-henri-joyeux\" \t\t        target=\"_blank\" \t\t        ><img decoding=\"async\"\n                    class=\"vls-gf-tall\"\n                    src=\"https:\/\/www.deedeeparis.com\/blog\/wp-content\/gf-uploads\/2018\/09\/preview-m\/avis-changez-dalimentation-professeur-joyeux-2.jpg?1538237927\"                     alt=\"\"\/><div class=\"vls-gf-info-back\"><h2 class=\"vls-gf-info-caption\"\n\t\t                >\n\t\t                CE QUE J\u2019AI RETENU DE \u00ab CHANGEZ D\u2019ALIMENTATION \u00bb, DU PR HENRI JOYEUX\t                <\/h2><h2 class=\"vls-gf-info-description\"\n\t\t                ><\/h2><\/div><\/a><\/div><div\n            class=\"vls-gf-item\"\n            data-vls-gf-image-aspect=\"1.4381338742394\"\n            data-vls-gf-width=\"1\"\n            data-vls-gf-height=\"1\"\n            data-vls-gf-col=\"0\"\n            data-vls-gf-row=\"1\"\n            style=\"margin-bottom: 10px;\"><a href=\"https:\/\/www.deedeeparis.com\/blog\/faut-il-manger-les-animaux-de-jonathan-safran-foer\" \t\t        target=\"_blank\" \t\t        ><img decoding=\"async\"\n                    class=\"vls-gf-tall\"\n                    src=\"https:\/\/www.deedeeparis.com\/blog\/wp-content\/gf-uploads\/2018\/09\/preview-m\/FAUT-IL-MANGER-LES-ANIMAUX-DE-JONATHAN-SAFRAN-FOER.png?1538237968\"                     alt=\"\"\/><div class=\"vls-gf-info-back\"><h2 class=\"vls-gf-info-caption\"\n\t\t                >\n\t\t                FAUT-IL MANGER LES ANIMAUX ?\t                <\/h2><h2 class=\"vls-gf-info-description\"\n\t\t                ><\/h2><\/div><\/a><\/div><div\n            class=\"vls-gf-item\"\n            data-vls-gf-image-aspect=\"1.3333333333333\"\n            data-vls-gf-width=\"1\"\n            data-vls-gf-height=\"1\"\n            data-vls-gf-col=\"1\"\n            data-vls-gf-row=\"1\"\n            style=\"margin-bottom: 10px;\"><a href=\"https:\/\/www.deedeeparis.com\/blog\/6-applications-pour-mieux-consommer-plus-facilement\" \t\t        target=\"_blank\" \t\t        ><img decoding=\"async\"\n                    class=\"vls-gf-tall\"\n                    src=\"https:\/\/www.deedeeparis.com\/blog\/wp-content\/gf-uploads\/2018\/09\/preview-m\/app-historique.jpg?1538238062\"                     alt=\"\"\/><div class=\"vls-gf-info-back\"><h2 class=\"vls-gf-info-caption\"\n\t\t                >\n\t\t                6 APPLICATIONS POUR MIEUX CONSOMMER, PLUS FACILEMENT\t                <\/h2><h2 class=\"vls-gf-info-description\"\n\t\t                ><\/h2><\/div><\/a><\/div><div\n            class=\"vls-gf-item\"\n            data-vls-gf-image-aspect=\"1.5748031496063\"\n            data-vls-gf-width=\"1\"\n            data-vls-gf-height=\"1\"\n            data-vls-gf-col=\"2\"\n            data-vls-gf-row=\"1\"\n            style=\"margin-bottom: 10px;\"><a href=\"https:\/\/www.deedeeparis.com\/blog\/comment-manger-mieux-minute-papillon\" \t\t        target=\"_blank\" \t\t        ><img decoding=\"async\"\n                    class=\"vls-gf-wide\"\n                    src=\"https:\/\/www.deedeeparis.com\/blog\/wp-content\/gf-uploads\/2018\/09\/preview-m\/RECETTE-aioli-article-01.jpg?1538238681\"                     alt=\"\"\/><div class=\"vls-gf-info-back\"><h2 class=\"vls-gf-info-caption\"\n\t\t                >\n\t\t                COMMENT MANGER MIEUX ? MINUTE PAPILLON !\t                <\/h2><h2 class=\"vls-gf-info-description\"\n\t\t                ><\/h2><\/div><\/a><\/div><\/div><\/div><\/div>\n<p>&nbsp;<\/p>\n<h2 class=\"stabylo\">Bonus track \/ Quelques ressources pour aller plus loin<\/h2>\n<p><a href=\"https:\/\/www.youtube.com\/watch?v=XO4q9oVrWWw\" target=\"_blank\" rel=\"noopener\">Quand la Science appelle \u00e0 l&rsquo;aide pour l&rsquo;humanit\u00e9<\/a> ? Aur\u00e9lien Barrau, Astrophysicien (vid\u00e9o)<\/p>\n<p><a href=\"http:\/\/lilibarbery.com\/wellness\/mon-chemin\/leveil-de-conscience-ecologique\/\" target=\"_blank\" rel=\"noopener\">L&rsquo;Eveil de la conscience \u00e9cologique<\/a> de Lili Barbery (article)<\/p>\n<p><a href=\"https:\/\/nosgestesclimat.fr\/\" target=\"_blank\" rel=\"noopener\">Nos Gestes Climats<\/a> pour calculer notre empreinte carbone<\/p>\n<p><a href=\"http:\/\/www.airparif.asso.fr\/\" target=\"_blank\" rel=\"noopener\">AirParif<\/a>, pour consulter le niveau de pollution de l&rsquo;air en Ile de France<\/p>\n<p>&nbsp;<\/p>\n","protected":false},"excerpt":{"rendered":"<p>Moins&#8230; mais mieux ! Retrouvez ici tous les articles qui abordent le sujet, que ce soit en mode, beaut\u00e9, food&#8230; ! Pour une consommation qui fait sens, sans jugement, chacun.e \u00e0 notre rythme&#8230; Parce qu&rsquo;on fait bien comme on peut. Pour voir les sujets abord\u00e9s, passez votre souris sur les image de chaque cat\u00e9gorie : [&hellip;]<\/p>\n","protected":false},"author":2,"featured_media":60125,"parent":0,"menu_order":0,"comment_status":"closed","ping_status":"closed","template":"","meta":{"_acf_changed":false,"footnotes":""},"class_list":["post-60046","page","type-page","status-publish","has-post-thumbnail","hentry"],"acf":[],"_links":{"self":[{"href":"https:\/\/www.deedeeparis.com\/blog\/wp-json\/wp\/v2\/pages\/60046","targetHints":{"allow":["GET"]}}],"collection":[{"href":"https:\/\/www.deedeeparis.com\/blog\/wp-json\/wp\/v2\/pages"}],"about":[{"href":"https:\/\/www.deedeeparis.com\/blog\/wp-json\/wp\/v2\/types\/page"}],"author":[{"embeddable":true,"href":"https:\/\/www.deedeeparis.com\/blog\/wp-json\/wp\/v2\/users\/2"}],"replies":[{"embeddable":true,"href":"https:\/\/www.deedeeparis.com\/blog\/wp-json\/wp\/v2\/comments?post=60046"}],"version-history":[{"count":26,"href":"https:\/\/www.deedeeparis.com\/blog\/wp-json\/wp\/v2\/pages\/60046\/revisions"}],"predecessor-version":[{"id":17832602,"href":"https:\/\/www.deedeeparis.com\/blog\/wp-json\/wp\/v2\/pages\/60046\/revisions\/17832602"}],"wp:featuredmedia":[{"embeddable":true,"href":"https:\/\/www.deedeeparis.com\/blog\/wp-json\/wp\/v2\/media\/60125"}],"wp:attachment":[{"href":"https:\/\/www.deedeeparis.com\/blog\/wp-json\/wp\/v2\/media?parent=60046"}],"curies":[{"name":"wp","href":"https:\/\/api.w.org\/{rel}","templated":true}]}}