{"id":7165,"date":"2010-07-29T17:00:28","date_gmt":"2010-07-29T15:00:28","guid":{"rendered":"https:\/\/www.deedeeparis.com\/blog\/?page_id=7165"},"modified":"2013-06-14T23:34:35","modified_gmt":"2013-06-14T21:34:35","slug":"adresses-beaute-paris","status":"publish","type":"page","link":"https:\/\/www.deedeeparis.com\/blog\/adresses-paris\/adresses-beaute-paris","title":{"rendered":"Beaut\u00e9 \/ Beauty"},"content":{"rendered":"<p>Pour toutes les coquettes en goguette, voil\u00e0 quelques adresses o\u00f9 vous pourrez, au choix, <strong>vous faire masser<\/strong>, profiter d&rsquo;une vir\u00e9e entre copine pour papoter au <strong>hammam<\/strong>, choisir une nouvelle <strong>coupe de cheveux ou opter pour une manucure<\/strong>&#8230;<\/p>\n<p>En un mot, voil\u00e0 quelques adresses o\u00f9 vous pourrez prendre soin de vous !<\/p>\n<h4><span style=\"font-size: 1em;\"><strong><strong><strong><strong>\u2605\u00a0<\/strong><\/strong><\/strong><\/strong>Manucures\u00a0<\/span><\/h4>\n<p>Certes, les parisiennes n&rsquo;ont pas encore le r\u00e9flexe de leurs cons\u0153urs new yorkaises mais elles y viennent petit \u00e0 petit ! <strong> <\/strong><\/p>\n<p><strong>L&rsquo;ongle Minute<\/strong><br \/>\n<strong><\/strong>L&rsquo;institut de paye pas de mine, et pourtant&#8230; C&rsquo;est une vraie p\u00e9pite de quartier ! Yora Duc s&rsquo;occupe de vos mains et de vos pieds comme personne. Ma r\u00e9f\u00e9rence absolue pour des pieds parfaits.<br \/>\n<em>111 rue Cambronne Paris 15\u00e8me<\/em><br \/>\n<em> T\u00e9l : 01 53 69 00 51<\/em><br \/>\n<em> m\u00e9tro Vaugirard<\/em><\/p>\n<p><strong>Prestige Nails<\/strong><br \/>\nYasmine tient ce coquet salon de filles depuis 2006. Un boudoir adorable \u00e0 deux pas des Champs o\u00f9 vous pourrez vous faire chouchouter par Charly, adepte des toutes derni\u00e8res tendances en mati\u00e8re de manucure.<br \/>\n<em>3 avenue Mac Mahon Paris 17\u00e8me<\/em><br \/>\n<em>T\u00e9l : 01 40 68 71 64<\/em><br \/>\n<em>m\u00e9tro Charles de Gaulle Etoile (lignes 1 et 6)<\/em><br \/>\n<a title=\"Manucure paris\" href=\"http:\/\/www.prestigenails.fr\" target=\"_blank\"><em>www.prestigenails.fr<\/em><\/a><\/p>\n<p><strong>Manucurist<\/strong><br \/>\nUne valeur s\u00fbre, m\u00eame s&rsquo;il convient de prendre rendez-vous longtemps, tr\u00e8\u00e8\u00e8s longtemps \u00e0 l&rsquo;avance. M\u00eame pour le Nail Bar qui h\u00e9las, est trop souvent pris d&rsquo;assaut.<br \/>\nDeux adresses :<br \/>\n<em>13 rue de la Chauss\u00e9e d&rsquo;Antin Paris 9\u00e8me<br \/>\nTel. : 01 47 03 37 33<\/em><br \/>\net<br \/>\n<em>4 rue Castellane Paris 8\u00e8me<br \/>\nTel. : 01 42 65 19 30<\/em><\/p>\n<p>Nail Bar :<br \/>\n<em>42, Place du march\u00e9 Saint Honor\u00e9 Paris 1er<br \/>\nTel : 01 42 61 03 81<\/em><br \/>\n<em>m\u00e9tro Tuileries (ligne 1) ou Pyramides (ligne 14)<\/em><br \/>\n<a title=\"Manucure paris\" href=\"http:\/\/www.manucurist.com\/\" target=\"_blank\">www.manucurist.com<\/a><\/p>\n<p><strong>Paris \/ New York<\/strong><br \/>\nPetit institut de quartier trendy o\u00f9 la pose de vernis ne co\u00fbte que 5\u20ac ! Ambiance cosy et chaleureuse, prestations soign\u00e9es et \u00e0 petit prix.\u00a0L&rsquo;institut propose \u00e9galement la pose des <a title=\"Adresses minx france\" href=\"https:\/\/www.deedeeparis.com\/blog\/minx-nail-bar-colette\" target=\"_blank\">Minx<\/a>.<\/p>\n<p><em id=\"__mceDel\"><a title=\"Manucure paris new york\" href=\"https:\/\/www.deedeeparis.com\/blog\/manucure-paris\" target=\"_blank\">Plus d&rsquo;infos<\/a><br \/>\n<em>Bar \u00e0 ongles Paris New York<br \/>\n38 rue de Varenne\u00a0<em id=\"__mceDel\">75007 Paris<\/em><br \/>\n<\/em><em id=\"__mceDel\"><em>01 42 84 02 39<\/em><\/em><\/em><\/p>\n<h4><strong><strong><strong><strong>\u2605\u00a0<\/strong><\/strong><\/strong><\/strong>Coiffeurs<\/h4>\n<p><strong>Zazen<\/strong><br \/>\nJe vais chez Sylvaine et chez Yann depuis 3 ans maintenant. Conseils, coupes, couleurs&#8230; tout est toujours parfait. Mention sp\u00e9ciale pour les fauteuils massants du bac \u00e0 shampoing&#8230; Une vraie tuerie !<br \/>\n<em>38 rue du Roi de Sicile Paris 4\u00e8me<br \/>\n01 42 78 29 37<\/em><\/p>\n<p><strong>Camille Albane<\/strong><br \/>\nDemandez Ad\u00e9la\u00efde, la d\u00e9esse officielle de la coupe de cheveu. Et Christine pour les couleurs. Vous ne le regretterez pas !<br \/>\n<em>239 Bis rue de Vaugirard Paris 15\u00e8me<br \/>\n01 42 19 06 56<br \/>\nM\u00e9tro Volontaires (ligne 12) ou Pasteur (lignes 6 et 12)<\/em><\/p>\n<p><strong>Le loft<\/strong><br \/>\nAccueil parfait, conseils aux petits oignons et demandes parfaitement respect\u00e9es. Ne cherchez plus, vous l&rsquo;avez, votre coiffeur parfait. Demandez Denis ou Ga\u00ebtan.<br \/>\n<em>9 rue de Tocqueville Paris 17\u00e8me<br \/>\nTel. : 01 48 88 08 88<br \/>\nM\u00e9tro Villiers (ligne 2)<\/em><br \/>\net<br \/>\n<em>25, rue Geoffroy St-Hilaire Paris 5\u00e8me<br \/>\n01 43 31 57 15<\/em><br \/>\n<em>M\u00e9tros Censier-Daubenton (ligne 10), Jussieu (ligne 7 et 10) ou Gare d&rsquo;Austerlitz (ligne 10)<\/em><\/p>\n<h4><strong><strong><strong><strong>\u2605\u00a0<\/strong><\/strong><\/strong><\/strong>Hammam<\/h4>\n<p><strong>Les Cent Ciels<\/strong><br \/>\nCertes, ce hammam est \u00e0 Boulogne. Je sais. Nonobstant, n&rsquo;h\u00e9sitez pas \u00e0 traverser le p\u00e9riph : ce hammam l\u00e0 (<a title=\"Hammam Paris\" href=\"https:\/\/www.deedeeparis.com\/blog\/hammam-mosquee-de-paris\" target=\"_blank\">contrairement \u00e0 d&rsquo;autres<\/a> !) est ultra propre et raffin\u00e9. Quant aux soins, ils sont de qualit\u00e9.<br \/>\n<em>45 Bis Avenue Edouard Vaillant 92100 Boulogne Billancourt<\/em><br \/>\n<em>01 46 20 07 01<\/em><br \/>\n<em>M\u00e9tro Porte de Saint-Cloud<\/em><br \/>\n<a title=\"Hammam Paris\" href=\"http:\/\/www.hammam-lescentciels.com\/\" target=\"_blank\"><em>www.hammam-lescentciels.com<\/em><\/a><\/p>\n<p><strong>D&rsquo;autres adresses \u00e0 venir tr\u00e8s vite&#8230; N\u2019h\u00e9sitez pas \u00e0 proposer les v\u00f4tres sur <a title=\"City Guide parisien\" href=\"..\/city-guide\" target=\"_blank\">le City Guide<\/a> !<\/strong><\/p>\n","protected":false},"excerpt":{"rendered":"<p>Pour toutes les coquettes en goguette, voil\u00e0 quelques adresses o\u00f9 vous pourrez, au choix, vous faire masser, profiter d&rsquo;une vir\u00e9e entre copine pour papoter au hammam, choisir une nouvelle coupe de cheveux ou opter pour une manucure&#8230; En un mot, voil\u00e0 quelques adresses o\u00f9 vous pourrez prendre soin de vous ! \u2605\u00a0Manucures\u00a0 Certes, les parisiennes [&hellip;]<\/p>\n","protected":false},"author":2,"featured_media":0,"parent":3860,"menu_order":0,"comment_status":"open","ping_status":"open","template":"","meta":{"_acf_changed":false,"footnotes":""},"class_list":["post-7165","page","type-page","status-publish","hentry"],"acf":[],"_links":{"self":[{"href":"https:\/\/www.deedeeparis.com\/blog\/wp-json\/wp\/v2\/pages\/7165","targetHints":{"allow":["GET"]}}],"collection":[{"href":"https:\/\/www.deedeeparis.com\/blog\/wp-json\/wp\/v2\/pages"}],"about":[{"href":"https:\/\/www.deedeeparis.com\/blog\/wp-json\/wp\/v2\/types\/page"}],"author":[{"embeddable":true,"href":"https:\/\/www.deedeeparis.com\/blog\/wp-json\/wp\/v2\/users\/2"}],"replies":[{"embeddable":true,"href":"https:\/\/www.deedeeparis.com\/blog\/wp-json\/wp\/v2\/comments?post=7165"}],"version-history":[{"count":5,"href":"https:\/\/www.deedeeparis.com\/blog\/wp-json\/wp\/v2\/pages\/7165\/revisions"}],"predecessor-version":[{"id":10625,"href":"https:\/\/www.deedeeparis.com\/blog\/wp-json\/wp\/v2\/pages\/7165\/revisions\/10625"}],"up":[{"embeddable":true,"href":"https:\/\/www.deedeeparis.com\/blog\/wp-json\/wp\/v2\/pages\/3860"}],"wp:attachment":[{"href":"https:\/\/www.deedeeparis.com\/blog\/wp-json\/wp\/v2\/media?parent=7165"}],"curies":[{"name":"wp","href":"https:\/\/api.w.org\/{rel}","templated":true}]}}